{"id":6539,"date":"2016-03-11T16:53:08","date_gmt":"2016-03-11T15:53:08","guid":{"rendered":"http:\/\/meeschhaff.com\/de\/spa\/"},"modified":"2016-08-08T17:20:55","modified_gmt":"2016-08-08T15:20:55","slug":"spa","status":"publish","type":"page","link":"https:\/\/meeschhaff.com\/de\/spa\/","title":{"rendered":"Aqua Therapie und Wellness"},"content":{"rendered":"<div class=\"wpb-content-wrapper\"><p>[vc_row css=&#8221;.vc_custom_1457711873213{padding-top: 40px !important;padding-bottom: 40px !important;background-color: #6ea9bb !important;}&#8221;][vc_column][horseclub_icon_single iconsmalls=&#8221;small&#8221; icon_texts=&#8221;fa fa-heartbeat&#8221; singleicon_link=&#8221;#&#8221; iconcolors_bg=&#8221;#ffffff&#8221; iconcolors=&#8221;#6ea9bb&#8221;][vc_column_text css=&#8221;.vc_custom_1466790538283{padding-top: 10px !important;padding-bottom: 10px !important;}&#8221;]<\/p>\n<h2 style=\"text-align: center;\"><span style=\"color: #ffffff;\">AQUA THERAPIE UND WELLNESS<\/span><\/h2>\n<p>[\/vc_column_text][vc_text_separator title=&#8221;MEESCHHAFF&#8221; color=&#8221;white&#8221; style=&#8221;double&#8221; el_width=&#8221;40&#8243;][\/vc_column][\/vc_row][vc_row css=&#8221;.vc_custom_1457711751510{padding-bottom: 45px !important;background-color: #6ea9bb !important;}&#8221;][vc_column][vc_column_text css=&#8221;.vc_custom_1466790725773{padding-top: 20px !important;padding-right: 10% !important;padding-left: 10% !important;}&#8221;]<\/p>\n<h4><span style=\"color: #ffffff;\">Unsere Therapieeinrichtung ist einmalig. Wir sind der einzige Reitstall in Luxemburg der das komplette Wellness Paket zur Aufrechterhaltung und Unterst\u00fctzung der nat\u00fcrlichen Balance und Gesundheit des Pferdes anbietet.<\/span><\/h4>\n<p>&nbsp;<\/p>\n<h4><span style=\"color: #ffffff;\">Unser Therapie- und Wellnesszentrum wurde aus Liebe und Leidenschaft zum Pferd gestaltet. Unser Zentrum ist eine, in Luxemburg einzigartige , Konditionierungs- und Reha Einrichtung die Pflege und Betreuung f\u00fcr s\u00e4mtliche Bed\u00fcrfnisse Ihres Pferdes anbietet.<\/span><\/h4>\n<p>[\/vc_column_text][vc_empty_space][\/vc_column][\/vc_row][vc_row css=&#8221;.vc_custom_1457984041507{background-color: #f5f5f5 !important;}&#8221;][vc_column][vc_empty_space][\/vc_column][\/vc_row][vc_row css=&#8221;.vc_custom_1457984033025{background-color: #f5f5f5 !important;}&#8221;][vc_column width=&#8221;1\/2&#8243;][vc_empty_space][vc_column_text css=&#8221;.vc_custom_1466791846659{padding-right: 50px !important;}&#8221;]<\/p>\n<h2>Aquatrainer<\/h2>\n<p>Bewegung im Wasser gilt seit langem als un\u00fcbertroffenes Muskel- und Konditionstraining, da die Schwerkraft im Wasser reduziert ist und nicht das volle Gewicht auf Muskeln und Gelenken lastet. Wasser bietet einen sanften Widerstand zum Kr\u00e4fteaufbau, der sich bei schnellerer Bewegung verst\u00e4rkt und so die Belastung auf nat\u00fcrliche Weise steigert. Zu starker Schwung wird vom Wasser schonend gebremst. Zugleich k\u00fchlt das Wasser beanspruchte Muskeln und Gelenke und sorgt f\u00fcr eine lockernde Massage.<br \/>\nDas Aquatraining beschleunigt die Rehabilitation nach einer Operation oder Verletzung oder unterst\u00fctzt die Vorbereitung auf einen Wettkampf. Das Pferd wird beim Aufbau- und Rehatraining kontinuierlich beobachtet, sodass die Bewegung kontrolliert und sicher abl\u00e4uft. Dies ist besonders f\u00fcr Pferde wichtig, die l\u00e4ngere Zeit nur im Schritt bewegt werden d\u00fcrfen.<br \/>\nBei vielen Verletzungen wird die Rehabilitationszeit durch den Einsatz des Aquatrainers deutlich reduziert.<br \/>\nMit dem Aquatrainer k\u00f6nnen Muskeln und Kondition trainiert werden. Gelenke, B\u00e4nder und Sehnen werden entlastet. Die Muskulatur des R\u00fcckens wird durch den h\u00f6heren Kraftaufwand gest\u00e4rkt.<br \/>\nAqua TrainingDas Wasser k\u00fchlt und massiert die Muskulatur zus\u00e4tzlich. Das Aquatraining f\u00f6rdert die Durchblutung und den Stoffwechsel.<br \/>\nDer Aquatrainer kann zum Aufbau oder zum Ausgleichstraining des Pferdes benutzt werden.<\/p>\n<h3>Einsatz Therapie:<\/h3>\n<ul>\n<li>Individuell regelbarer Wasserstand bis 135 cm.<\/li>\n<li>Variable Laufbandgeschwindigkeit bis 18 Km\/h.<\/li>\n<li>Verk\u00fcrzt die Rekonvaleszenz nach Verletzungen und Krankheiten.<\/li>\n<li>Optimierung von Rehabilitations- und Trainingsprogrammen.<\/li>\n<\/ul>\n<h3>Einsatz Training:<\/h3>\n<ul>\n<li>Aufbau des Muskelsystems.<\/li>\n<li>Erh\u00f6hung der Kondition.<\/li>\n<li>F\u00f6rderung der Durchblutung.<\/li>\n<li>Verbesserung der motorischen Koordination.<\/li>\n<li>Lockerung der Muskulatur.<\/li>\n<\/ul>\n<h3>Vorteile:<\/h3>\n<ul>\n<li>Kontrollierte Bewegung.<\/li>\n<li>Variable Therapiem\u00f6glichkeit.<\/li>\n<li>Entlastung der Sehnen\/Gelenke.<\/li>\n<li>K\u00fchleffekt\/Stimulation.<\/li>\n<li>Massage der Muskulatur.<\/li>\n<li>Keine Muskel\u00fcbers\u00e4uerung.<\/li>\n<\/ul>\n<p>Die Geschwindigkeit, die Wasserstandh\u00f6he und die Trainingsdauer werden individuell auf ihr Pferd abgestimmt und sind nat\u00fcrlich vom Krankheitsbild des Pferdes abh\u00e4ngig.[\/vc_column_text][vc_empty_space height=&#8221;64px&#8221;][\/vc_column][vc_column width=&#8221;1\/2&#8243;][vc_empty_space height=&#8221;100px&#8221;][vc_single_image image=&#8221;5919&#8243; img_size=&#8221;large&#8221; alignment=&#8221;center&#8221; style=&#8221;vc_box_circle_2&#8243;][\/vc_column][\/vc_row][vc_row css=&#8221;.vc_custom_1457984127963{background-color: #f5f5f5 !important;}&#8221;][vc_column][vc_empty_space height=&#8221;50px&#8221;][\/vc_column][\/vc_row][vc_row css=&#8221;.vc_custom_1457624789049{background-color: #e0e0e0 !important;}&#8221;][vc_column][vc_empty_space][\/vc_column][\/vc_row][vc_row css=&#8221;.vc_custom_1457991364732{background-color: #e0e0e0 !important;}&#8221;][vc_column width=&#8221;1\/2&#8243;][vc_empty_space height=&#8221;150px&#8221;][vc_single_image image=&#8221;5911&#8243; img_size=&#8221;large&#8221; alignment=&#8221;center&#8221; style=&#8221;vc_box_circle_2&#8243;][\/vc_column][vc_column width=&#8221;1\/2&#8243;][vc_empty_space][vc_column_text]<\/p>\n<h2>Spa<\/h2>\n<p>Die Spa-Therapie, bei der \u00a0die Kombination von Sprudel und Salzwasser, gehalten bei einer konstanten Temperatur von 4\u00b0 C angewendet wird, ist sehr effektiv und beschleunigt die Heilung von Verletzungen an den unteren Extremit\u00e4ten.<\/p>\n<p>Das Equine Spa kann erfolgreich eingesetzt werden bei:<\/p>\n<ul>\n<li>Sehnenverletzungen<\/li>\n<li>B\u00e4ndersch\u00e4den<\/li>\n<li>Zerrungen<\/li>\n<li>Einsch\u00fcssen<\/li>\n<li>Wunden<\/li>\n<li>Diversen Hauptproblemen<\/li>\n<li>Steifheit (zur Verbesserung der Geschmeidigkeit)<\/li>\n<li>Strahlf\u00e4ule<\/li>\n<li>Hufrehe<\/li>\n<\/ul>\n<p>Die Vorteile des Spas sind:<\/p>\n<ul>\n<li>Verbesserung der Durchblutung<\/li>\n<li>Verbesserung des Hornwachstums<\/li>\n<li>Reduziert Schwellungen und Entz\u00fcndungen<\/li>\n<li>Schmerzstillende Wirkung<\/li>\n<li>Vorbeugung von Verletzungen<\/li>\n<\/ul>\n<p>Sportpferde haben eine kontinuierliche Belastung des unteren Gelenk- und Sehnenapparates. Eine Spa-Behandlung als Teil des Trainings reduziert die Gefahr von schweren Verletzungen.<\/p>\n<p>Eine Steifheit nach einem Wettkampf kann durch die Spa-Behandlung vermieden werden.<\/p>\n<p>Durch die K\u00e4lte werden viele Stressfaktoren innerhalb des Gewebes entfernt bevor Entz\u00fcndungen entstehen k\u00f6nnen.[\/vc_column_text][\/vc_column][\/vc_row][vc_row css=&#8221;.vc_custom_1457624836813{background-color: #e0e0e0 !important;}&#8221;][vc_column][vc_empty_space height=&#8221;64px&#8221;][\/vc_column][\/vc_row][vc_row css=&#8221;.vc_custom_1457984041507{background-color: #f5f5f5 !important;}&#8221;][vc_column][vc_empty_space height=&#8221;64px&#8221;][\/vc_column][\/vc_row][vc_row css=&#8221;.vc_custom_1457984033025{background-color: #f5f5f5 !important;}&#8221;][vc_column width=&#8221;1\/2&#8243;][vc_empty_space height=&#8221;16px&#8221;][vc_column_text css=&#8221;.vc_custom_1470064626343{padding-right: 50px !important;}&#8221;]<\/p>\n<h2>R\u00fcttelplatte<\/h2>\n<p>Mit Hilfe der Vibration wird die Blutzirkulation ohne Belastung verbessert und die Rehabilitierung nach Verletzungen beschleunigt. Auf der R\u00fcttelplatte kann die Muskulatur f\u00fcr das kommende Training gelockert werden. Hier werden, anders als beim Einlaufen im Schritt, auch tiefer liegende Muskelschichten aufgew\u00e4rmt. Nach dem Training werden die Muskeln massiert und das Pferd kann entspannen. Die R\u00fcttelplatte wirkt sich ebenfalls positiv auf den Verdauungstrakt aus und ist daher auch f\u00fcr Kolik anf\u00e4llige Pferde geeignet.[\/vc_column_text][\/vc_column][vc_column width=&#8221;1\/2&#8243;][vc_empty_space height=&#8221;16px&#8221;][vc_single_image image=&#8221;5913&#8243; img_size=&#8221;large&#8221; alignment=&#8221;center&#8221; style=&#8221;vc_box_circle_2&#8243;][\/vc_column][\/vc_row][vc_row css=&#8221;.vc_custom_1457984127963{background-color: #f5f5f5 !important;}&#8221;][vc_column][vc_empty_space height=&#8221;64px&#8221;][\/vc_column][\/vc_row][vc_row css=&#8221;.vc_custom_1457624789049{background-color: #e0e0e0 !important;}&#8221;][vc_column][vc_empty_space][\/vc_column][\/vc_row][vc_row css=&#8221;.vc_custom_1457991364732{background-color: #e0e0e0 !important;}&#8221;][vc_column width=&#8221;1\/2&#8243;][vc_empty_space height=&#8221;64px&#8221;][vc_single_image image=&#8221;5930&#8243; img_size=&#8221;medium&#8221; alignment=&#8221;center&#8221; style=&#8221;vc_box_circle_2&#8243;][\/vc_column][vc_column width=&#8221;1\/2&#8243;][vc_empty_space][vc_column_text]<\/p>\n<h2>Massage- &amp; Magnetfeldtherapie<\/h2>\n<p>Die Magnetfeldtherapie genie\u00dft weit verbreiteten Ruhm wegen Ihrer F\u00e4higkeit die Knochenheilung zu stimulieren und Knochenbr\u00fcche zu heilen. Sie ist ausserdem f\u00f6rderlich bei der Behandlung von Gelenkentz\u00fcndungen, Muskel- Verletzungen oder -Schmerzen.<\/p>\n<p>Entz\u00fcndungen, leichten Gewebeverletzungen und Einschr\u00e4nkungen der Bewegungsfreiheit. Das Combi Extend Plus System von Activomed das wir einsetzen \u00fcberdeckt die wichtigsten Teile des Pferdek\u00f6rpers, vom Hals \u00fcber die Schulter, sowie die Muskulatur des Pferder\u00fcckens. Wir k\u00f6nnen zus\u00e4tzlich noch Magnetfeldgamaschen und Hoofboots einsetzen.[\/vc_column_text][\/vc_column][\/vc_row][vc_row css=&#8221;.vc_custom_1457624836813{background-color: #e0e0e0 !important;}&#8221;][vc_column][vc_empty_space height=&#8221;64px&#8221;][\/vc_column][\/vc_row][vc_row css=&#8221;.vc_custom_1448282309971{padding-top: 20px !important;padding-bottom: 35px !important;background-color: #222222 !important;}&#8221;][vc_column][vc_empty_space height=&#8221;42px&#8221;][vc_column_text]<\/p>\n<h2 style=\"text-align: center;\"><span style=\"color: #b89f5c;\">SIND SIE AN UNSERER AQUA-THERAPIE UND WELLNESS INTERESSIERT ?<\/span><\/h2>\n<p>[\/vc_column_text][vc_empty_space height=&#8221;50px&#8221;][vc_button color=&#8221;up_btn-d&#8221; align=&#8221;center&#8221; size=&#8221;btn-big&#8221; title=&#8221;\u00dcBERBLICK UNSERER PREISE&#8221; href=&#8221;\/de\/spa-und-wellness-preisliste\/&#8221;][vc_empty_space height=&#8221;50px&#8221;][\/vc_column][\/vc_row][vc_row css=&#8221;.vc_custom_1457528205773{padding-top: 30px !important;padding-bottom: 45px !important;background-color: #f5f5f5 !important;}&#8221;][vc_column][vc_empty_space height=&#8221;16px&#8221;][vc_column_text]<\/p>\n<h1 style=\"text-align: center;\"><span style=\"color: #b89f5c;\">AQUA-THERAPIE &amp; WELLNESS AUSSTATTUNG<\/span><\/h1>\n<p>[\/vc_column_text][vc_text_separator title=&#8221;MEESCHHAFF&#8221; color=&#8221;black&#8221; style=&#8221;double&#8221; el_width=&#8221;60&#8243; css=&#8221;.vc_custom_1457528464526{padding-top: 10px !important;}&#8221;][vc_empty_space height=&#8221;16px&#8221;][\/vc_column][\/vc_row][vc_row row_type=&#8221;full&#8221; css=&#8221;.vc_custom_1457713064791{background-color: #f5f5f5 !important;}&#8221;][vc_column][vc_empty_space height=&#8221;64px&#8221;][\/vc_column][vc_column width=&#8221;1\/4&#8243;][vc_single_image image=&#8221;5890&#8243; img_size=&#8221;400&#215;400&#8243; alignment=&#8221;center&#8221; onclick=&#8221;img_link_large&#8221;][vc_column_text css=&#8221;.vc_custom_1470065980942{padding-top: 20px !important;padding-bottom: 15px !important;}&#8221;]<\/p>\n<h4 style=\"text-align: center;\">2 Pferde Solarien<\/h4>\n<p>[\/vc_column_text][vc_column_text css=&#8221;.vc_custom_1470066002624{padding-right: 10% !important;padding-bottom: 20px !important;padding-left: 10% !important;}&#8221;]<\/p>\n<p style=\"text-align: center;\">Auf dem Meeschhaff gibt es 2 Solarien, einen frei verf\u00fcgbar bei den Waschpl\u00e4tzen und einen in unserem Wellness Zentrum.<\/p>\n<p>[\/vc_column_text][\/vc_column][vc_column width=&#8221;1\/4&#8243;][vc_single_image image=&#8221;5919&#8243; img_size=&#8221;400&#215;400&#8243; alignment=&#8221;center&#8221; onclick=&#8221;img_link_large&#8221;][vc_column_text css=&#8221;.vc_custom_1470066088566{padding-top: 20px !important;padding-bottom: 15px !important;}&#8221;]<\/p>\n<h4 style=\"text-align: center;\">Wasserlaufband<\/h4>\n<p>[\/vc_column_text][vc_column_text css=&#8221;.vc_custom_1470066111712{padding-right: 10% !important;padding-bottom: 20px !important;padding-left: 10% !important;}&#8221;]<\/p>\n<p style=\"text-align: center;\">Unser Wasserlaufband gew\u00e4hrleistet eine Verbesserung des Herz-Kreislauf-Systems, des Muskelaufbaus und der Kraft Ihres Pferdes.<\/p>\n<p>[\/vc_column_text][\/vc_column][vc_column width=&#8221;1\/4&#8243;][vc_single_image image=&#8221;5913&#8243; img_size=&#8221;400&#215;400&#8243; alignment=&#8221;center&#8221; onclick=&#8221;img_link_large&#8221;][vc_column_text css=&#8221;.vc_custom_1470066147602{padding-top: 20px !important;padding-bottom: 15px !important;}&#8221;]<\/p>\n<h4 style=\"text-align: center;\">R\u00fcttelplatte (mit integrierter Magnetfeldtherapie)<\/h4>\n<p>[\/vc_column_text][vc_column_text css=&#8221;.vc_custom_1470066183648{padding-right: 10% !important;padding-bottom: 20px !important;padding-left: 10% !important;}&#8221;]<\/p>\n<p style=\"text-align: center;\">Unsere R\u00fcttelplatte unterst\u00fctzt die Entwicklung des Muskeltonus und der Knochendichte und ist eine bew\u00e4hrte und h\u00f6chst effektive Therapie. Sie kann benutzt werden um das Pferd vor der Arbeit aufzuw\u00e4rmen oder um die Muskeln nach der Arbeit zu entspannen.<\/p>\n<p>[\/vc_column_text][\/vc_column][vc_column width=&#8221;1\/4&#8243;][vc_single_image image=&#8221;5915&#8243; img_size=&#8221;400&#215;400&#8243; alignment=&#8221;center&#8221; onclick=&#8221;img_link_large&#8221;][vc_column_text css=&#8221;.vc_custom_1470066248200{padding-top: 20px !important;padding-bottom: 15px !important;}&#8221;]<\/p>\n<h4 style=\"text-align: center;\">Wasser-Spa<\/h4>\n<p>[\/vc_column_text][vc_column_text css=&#8221;.vc_custom_1470066283198{padding-right: 10% !important;padding-bottom: 20px !important;padding-left: 10% !important;}&#8221;]<\/p>\n<p style=\"text-align: center;\">Eine Spa-Therapie, durch die Kombination von Sprudel und Salzwasser, gehalten bei einer konstanten Temperatur von 4\u00b0 C, ist sehr effektiv und beschleunigt die Heilung von Verletzungen an den unteren Extremit\u00e4ten.<\/p>\n<p>[\/vc_column_text][\/vc_column][\/vc_row][vc_row row_type=&#8221;full&#8221; css=&#8221;.vc_custom_1457466533339{background-color: #f5f5f5 !important;}&#8221;][vc_column][vc_empty_space height=&#8221;100px&#8221;][\/vc_column][vc_column width=&#8221;1\/4&#8243;][vc_single_image image=&#8221;5930&#8243; img_size=&#8221;400&#215;400&#8243; alignment=&#8221;center&#8221; onclick=&#8221;img_link_large&#8221;][vc_column_text css=&#8221;.vc_custom_1470066311933{padding-top: 20px !important;padding-bottom: 15px !important;}&#8221;]<\/p>\n<h4 style=\"text-align: center;\">Pulsierende Massage Therapie<\/h4>\n<p>[\/vc_column_text][vc_column_text css=&#8221;.vc_custom_1457544252799{padding-right: 10% !important;padding-bottom: 20px !important;padding-left: 10% !important;}&#8221;]<\/p>\n<p style=\"text-align: center;\">Massage Therapy is widely used for the purpose of increasing circulation, relaxing muscle spasms, relieving tension, enhancing muscle tone, and increasing range of motion in high performance horses.<\/p>\n<p>[\/vc_column_text][\/vc_column][vc_column width=&#8221;1\/4&#8243;][vc_single_image image=&#8221;5932&#8243; img_size=&#8221;400&#215;400&#8243; alignment=&#8221;center&#8221; onclick=&#8221;img_link_large&#8221;][vc_column_text css=&#8221;.vc_custom_1470066369142{padding-top: 20px !important;padding-bottom: 15px !important;}&#8221;]<\/p>\n<h4 style=\"text-align: center;\">Magnetfeldtherapie<\/h4>\n<p>[\/vc_column_text][vc_column_text css=&#8221;.vc_custom_1470066397684{padding-right: 10% !important;padding-bottom: 20px !important;padding-left: 10% !important;}&#8221;]<\/p>\n<p style=\"text-align: center;\">Die Magnetfeldtherapie genie\u00dft weit verbreiteten Ruhm wegen Ihrer F\u00e4higkeit die Knochenheilung zu stimulieren und Knochenbr\u00fcche zu heilen. Sie ist ausserdem f\u00f6rderlich bei der Behandlung von Gelenkentz\u00fcndungen, Muskel- Verletzungen oder -Schmerzen. Entz\u00fcndungen, leichten Gewebeverletzungen und Einschr\u00e4nkungen der Bewegungsfreiheit.<\/p>\n<p>[\/vc_column_text][\/vc_column][vc_column width=&#8221;1\/4&#8243;][vc_single_image image=&#8221;5937&#8243; img_size=&#8221;400&#215;400&#8243; alignment=&#8221;center&#8221; onclick=&#8221;img_link_large&#8221;][vc_column_text css=&#8221;.vc_custom_1470066827593{padding-top: 20px !important;padding-bottom: 15px !important;}&#8221;]<\/p>\n<h4 style=\"text-align: center;\">Laufband<\/h4>\n<p>[\/vc_column_text][vc_column_text css=&#8221;.vc_custom_1470066848312{padding-right: 10% !important;padding-bottom: 20px !important;padding-left: 10% !important;}&#8221;]<\/p>\n<p style=\"text-align: center;\">Die M\u00f6glichkeit das Pferd in einer geraden Linie, ohne das Gewicht des Sattels und des Reiters zu bewegen, steigert das Schwingen und die gesamte Flexibilit\u00e4t des Pferder\u00fcckens.<\/p>\n<p>[\/vc_column_text][\/vc_column][vc_column width=&#8221;1\/4&#8243;][vc_single_image image=&#8221;5942&#8243; img_size=&#8221;400&#215;400&#8243; alignment=&#8221;center&#8221; onclick=&#8221;img_link_large&#8221;][vc_column_text css=&#8221;.vc_custom_1470066869703{padding-top: 20px !important;padding-bottom: 15px !important;}&#8221;]<\/p>\n<h4 style=\"text-align: center;\">Zucht<\/h4>\n<p>[\/vc_column_text][vc_column_text css=&#8221;.vc_custom_1470066893806{padding-right: 10% !important;padding-bottom: 20px !important;padding-left: 10% !important;}&#8221;]<\/p>\n<p style=\"text-align: center;\">Wir sind vollst\u00e4ndig ausger\u00fcstet um professionnelle sowie Amateur-Z\u00fcchter gleicherma\u00dfen bedienen zu k\u00f6nnen. Wir bieten angepasste Boxenvermietung f\u00fcr Z\u00fcchter.<\/p>\n<p>[\/vc_column_text][\/vc_column][\/vc_row][vc_row row_type=&#8221;full&#8221; css=&#8221;.vc_custom_1457541103340{background-color: #f5f5f5 !important;}&#8221;][vc_column][\/vc_column][\/vc_row][vc_row css=&#8221;.vc_custom_1457541186987{background-color: #f5f5f5 !important;}&#8221;][vc_column][vc_empty_space height=&#8221;64px&#8221;][\/vc_column][\/vc_row][vc_row css=&#8221;.vc_custom_1457711776827{padding-top: 20px !important;padding-bottom: 35px !important;background-color: #d1a734 !important;}&#8221;][vc_column][vc_empty_space height=&#8221;50px&#8221;][vc_column_text]<\/p>\n<h2 style=\"text-align: center;\"><span style=\"color: #ffffff;\">SIND SIE AUF DER SUCHE NACH EINEM DAUERHAFTEN ZUHAUSE F\u00dcR IHREN BESTEN FREUND?<\/span><\/h2>\n<p>[\/vc_column_text][vc_empty_space height=&#8221;50px&#8221;][vc_button align=&#8221;center&#8221; size=&#8221;btn-big&#8221; title=&#8221;SEHEN SIE SICH UNSERE DIENSTLEISTUNGEN AN&#8221; href=&#8221;\/de\/boxenvermietung\/&#8221;][vc_empty_space height=&#8221;64px&#8221;][\/vc_column][\/vc_row]<\/p>\n<\/div>","protected":false},"excerpt":{"rendered":"<p>[vc_row css=&#8221;.vc_custom_1457711873213{padding-top: 40px !important;padding-bottom: 40px !important;background-color: #6ea9bb !important;}&#8221;][vc_column][horseclub_icon_single iconsmalls=&#8221;small&#8221; icon_texts=&#8221;fa fa-heartbeat&#8221; singleicon_link=&#8221;#&#8221; iconcolors_bg=&#8221;#ffffff&#8221; iconcolors=&#8221;#6ea9bb&#8221;][vc_column_text css=&#8221;.vc_custom_1466790538283{padding-top: 10px !important;padding-bottom: 10px !important;}&#8221;] AQUA THERAPIE UND WELLNESS [\/vc_column_text][vc_text_separator title=&#8221;MEESCHHAFF&#8221; color=&#8221;white&#8221; style=&#8221;double&#8221; el_width=&#8221;40&#8243;][\/vc_column][\/vc_row][vc_row css=&#8221;.vc_custom_1457711751510{padding-bottom: 45px !important;background-color: #6ea9bb !important;}&#8221;][vc_column][vc_column_text css=&#8221;.vc_custom_1466790725773{padding-top: 20px !important;padding-right: 10% !important;padding-left: 10% !important;}&#8221;] Unsere Therapieeinrichtung ist einmalig. Wir sind der einzige Reitstall in Luxemburg der das komplette Wellness Paket zur Aufrechterhaltung und Unterst\u00fctzung der nat\u00fcrlichen Balance und Gesundheit des Pferdes anbietet. &nbsp; Unser Therapie- und Wellnesszentrum wurde aus Liebe und Leidenschaft zum Pferd gestaltet. Unser Zentrum ist eine, in Luxemburg einzigartige , Konditionierungs- und Reha Einrichtung die Pflege und Betreuung f\u00fcr s\u00e4mtliche Bed\u00fcrfnisse &hellip; <a href=\"https:\/\/meeschhaff.com\/de\/spa\/\">Continued<\/a><\/p>\n","protected":false},"author":1,"featured_media":0,"parent":0,"menu_order":0,"comment_status":"open","ping_status":"closed","template":"page-fullwidth.php","meta":{"footnotes":""},"class_list":["post-6539","page","type-page","status-publish","hentry"],"_links":{"self":[{"href":"https:\/\/meeschhaff.com\/de\/wp-json\/wp\/v2\/pages\/6539","targetHints":{"allow":["GET"]}}],"collection":[{"href":"https:\/\/meeschhaff.com\/de\/wp-json\/wp\/v2\/pages"}],"about":[{"href":"https:\/\/meeschhaff.com\/de\/wp-json\/wp\/v2\/types\/page"}],"author":[{"embeddable":true,"href":"https:\/\/meeschhaff.com\/de\/wp-json\/wp\/v2\/users\/1"}],"replies":[{"embeddable":true,"href":"https:\/\/meeschhaff.com\/de\/wp-json\/wp\/v2\/comments?post=6539"}],"version-history":[{"count":3,"href":"https:\/\/meeschhaff.com\/de\/wp-json\/wp\/v2\/pages\/6539\/revisions"}],"predecessor-version":[{"id":6745,"href":"https:\/\/meeschhaff.com\/de\/wp-json\/wp\/v2\/pages\/6539\/revisions\/6745"}],"wp:attachment":[{"href":"https:\/\/meeschhaff.com\/de\/wp-json\/wp\/v2\/media?parent=6539"}],"curies":[{"name":"wp","href":"https:\/\/api.w.org\/{rel}","templated":true}]}}