{"id":6564,"date":"2014-12-11T12:09:32","date_gmt":"2014-12-11T11:09:32","guid":{"rendered":"http:\/\/meeschhaff.com\/de\/home\/"},"modified":"2024-01-05T13:50:32","modified_gmt":"2024-01-05T12:50:32","slug":"home","status":"publish","type":"page","link":"https:\/\/meeschhaff.com\/de\/","title":{"rendered":"Startseite"},"content":{"rendered":"<div class=\"wpb-content-wrapper\"><p>[vc_row css=&#8221;.vc_custom_1448446635101{padding-top: 30px !important;padding-bottom: 45px !important;}&#8221;][vc_column][vc_column_text]<\/p>\n<h2 style=\"text-align: center;\"><span style=\"color: #b89f5c;\">MEESCHHAFF<\/span><\/h2>\n<p>[\/vc_column_text][vc_text_separator title=&#8221;REIT- UND THERAPIESTALL&#8221; color=&#8221;black&#8221; style=&#8221;double&#8221; el_width=&#8221;40&#8243; css=&#8221;.vc_custom_1456488943119{padding-top: 10px !important;}&#8221;][vc_empty_space height=&#8221;36px&#8221;][vc_column_text css=&#8221;.vc_custom_1470150156654{padding-top: 20px !important;}&#8221;]<\/p>\n<h4 style=\"text-align: center;\">Wir bieten Boxenvermietung, Pferde Training, Reitunterricht sowie Therapie Sitzungen und Wellness Behandlungen f\u00fcr Ihr Pferd.<\/h4>\n<p>[\/vc_column_text][vc_empty_space height=&#8221;16px&#8221;][\/vc_column][\/vc_row][vc_row equal_height=&#8221;yes&#8221; row_type=&#8221;full&#8221;][vc_column width=&#8221;1\/4&#8243; css=&#8221;.vc_custom_1470666574012{padding-top: 20px !important;padding-bottom: 50px !important;background-color: #d1a734 !important;}&#8221; offset=&#8221;vc_col-lg-offset-0 vc_col-lg-3 vc_col-md-6&#8243; el_class=&#8221;hover dark-gray&#8221;][horseclub_icon_single textnoborders=&#8221;noborder&#8221; iconsmalls=&#8221;small&#8221; icon_texts=&#8221;fa-trophy&#8221; singleicon_link=&#8221;#&#8221; iconcolors=&#8221;#ffffff&#8221;][vc_empty_space height=&#8221;10&#8243;][horseclub_heading_button border=&#8221;0&#8243; align=&#8221;center&#8221; heading=&#8221;Boxenvermietung&#8221; size=&#8221;35&#8243; color=&#8221;#ffffff&#8221;][vc_column_text css=&#8221;.vc_custom_1604260265083{padding-bottom: 20px !important;}&#8221;]<\/p>\n<h4 style=\"text-align: center;\"><span style=\"color: #ffffff;\">Wir bieten bei uns auf dem Meeschhaff eine gro\u00dfe Auswahl an verschieden Einstellm\u00f6glichkeiten, sei es in Einzelboxen, in Paddockboxen oder im Laufstall.<\/span><\/h4>\n<p>[\/vc_column_text][vc_button align=&#8221;center&#8221; size=&#8221;btn-sm&#8221; title=&#8221;ERFAHREN SIE MEHR&#8221; href=&#8221;\/de\/boxenvermietung&#8221;][\/vc_column][vc_column width=&#8221;1\/4&#8243; css=&#8221;.vc_custom_1470666582426{padding-top: 20px !important;padding-bottom: 50px !important;background-color: #6ea9bb !important;}&#8221; el_class=&#8221;hover dark-gray&#8221; offset=&#8221;vc_col-lg-3 vc_col-md-6&#8243;][horseclub_icon_single textnoborders=&#8221;noborder&#8221; iconsmalls=&#8221;small&#8221; icon_texts=&#8221;fa-heartbeat&#8221; singleicon_link=&#8221;#&#8221; iconcolors=&#8221;#ffffff&#8221;][vc_empty_space height=&#8221;10&#8243;][horseclub_heading_button border=&#8221;0&#8243; align=&#8221;center&#8221; heading=&#8221;THERAPIE &amp; WELLNESS&#8221; size=&#8221;35&#8243; color=&#8221;#ffffff&#8221;][vc_column_text css=&#8221;.vc_custom_1604260281092{padding-bottom: 20px !important;}&#8221;]<\/p>\n<h4 style=\"text-align: center;\"><span style=\"color: #ffffff;\">Unsere Therapieeinrichtung ist einmalig. Wir sind der einzige Reitstall in Luxemburg der eine solche Einrichtung anbietet<br \/>\n.<\/span><\/h4>\n<p>[\/vc_column_text][vc_button align=&#8221;center&#8221; size=&#8221;btn-sm&#8221; title=&#8221;ERFAHREN SIE MEHR&#8221; href=&#8221;\/de\/spa\/&#8221;][\/vc_column][vc_column width=&#8221;1\/4&#8243; css=&#8221;.vc_custom_1470666589245{padding-top: 20px !important;padding-bottom: 50px !important;background-color: #b89f5c !important;}&#8221; el_class=&#8221;hover dark-gray&#8221; offset=&#8221;vc_col-lg-3 vc_col-md-6&#8243;][horseclub_icon_single textnoborders=&#8221;noborder&#8221; iconsmalls=&#8221;small&#8221; icon_texts=&#8221;fa-graduation-cap&#8221; singleicon_link=&#8221;#&#8221; iconcolors=&#8221;#ffffff&#8221;][vc_empty_space height=&#8221;10&#8243;][horseclub_heading_button border=&#8221;0&#8243; align=&#8221;center&#8221; heading=&#8221;REITUNTERRICHT&#8221; size=&#8221;35&#8243; color=&#8221;#ffffff&#8221;][vc_column_text css=&#8221;.vc_custom_1604260295142{padding-bottom: 20px !important;}&#8221;]<\/p>\n<h4 style=\"text-align: center;\"><span style=\"color: #ffffff;\">Wir bieten Reitunterricht f\u00fcr Jung und Alt, f\u00fcr Einsteiger und Fortgeschrittene. Bei uns hat man Spa\u00df und findet schnell neue Freunde.<\/span><\/h4>\n<p>[\/vc_column_text][vc_button align=&#8221;center&#8221; size=&#8221;btn-sm&#8221; title=&#8221;ERFAHREN SIE MEHR&#8221; href=&#8221;\/de\/training-und-unterricht\/&#8221;][\/vc_column][vc_column width=&#8221;1\/4&#8243; css=&#8221;.vc_custom_1470666597207{padding-top: 20px !important;padding-bottom: 50px !important;background-color: #000000 !important;background-position: 0 0 !important;background-repeat: no-repeat !important;}&#8221; el_class=&#8221;hover dark-gray&#8221; font_color=&#8221;#ffffff&#8221; offset=&#8221;vc_col-lg-3 vc_col-md-6&#8243;][horseclub_icon_single textnoborders=&#8221;noborder&#8221; iconsmalls=&#8221;small&#8221; icon_texts=&#8221;fa-cogs&#8221; singleicon_link=&#8221;#&#8221; iconcolors=&#8221;#ffffff&#8221;][vc_empty_space height=&#8221;10&#8243;][horseclub_heading_button border=&#8221;0&#8243; align=&#8221;center&#8221; heading=&#8221;AUSSTATTUNG&#8221; size=&#8221;35&#8243; color=&#8221;#ffffff&#8221;][vc_column_text css=&#8221;.vc_custom_1604260375124{padding-bottom: 20px !important;}&#8221;]<\/p>\n<h4 style=\"text-align: center;\"><span style=\"color: #ffffff;\">Wir sind der einzige Reitstall in Luxemburg der das Gesamtpaket f\u00fcr Pferd, Reiter, Familie und Freunde anbietet<br \/>\n<\/span><span style=\"color: #ffffff;\">.<\/span><\/h4>\n<p>[\/vc_column_text][vc_button align=&#8221;center&#8221; size=&#8221;btn-sm&#8221; title=&#8221;ERFAHREN SIE MEHR&#8221; href=&#8221;\/de\/ausstattung\/&#8221;][\/vc_column][\/vc_row][vc_row css=&#8221;.vc_custom_1447926728383{background-color: #222222 !important;}&#8221;][vc_column][vc_column_text css_animation=&#8221;bottom-to-top&#8221; css=&#8221;.vc_custom_1470150447163{padding-top: 20px !important;padding-bottom: 35px !important;}&#8221;]<\/p>\n<h3 style=\"text-align: center;\"><span style=\"color: #b89f5c;\">DAS SAGEN UNSERE BESUCHER \u00dcBER UNS<\/span><\/h3>\n<p>[\/vc_column_text][\/vc_column][\/vc_row][vc_row row_type=&#8221;full&#8221; css=&#8221;.vc_custom_1447165163711{background-color: #ffffff !important;}&#8221;][vc_column][vc_separator sepopt=&#8221;shape&#8221; sepshape=&#8221;triangle&#8221; shapecolb=&#8221;#ffffff&#8221; shapecol=&#8221;#222222&#8243;][\/vc_column][\/vc_row][vc_row][vc_column][horseclub_slider_testimonial testimonialimg=&#8221;yes&#8221; testimonialcenter=&#8221;tcenter&#8221;][\/vc_column][\/vc_row][vc_row css=&#8221;.vc_custom_1447926728383{background-color: #222222 !important;}&#8221;][vc_column][vc_column_text css_animation=&#8221;bottom-to-top&#8221; css=&#8221;.vc_custom_1470150478795{padding-top: 20px !important;padding-bottom: 35px !important;}&#8221;]<\/p>\n<h3 style=\"text-align: center;\"><span style=\"color: #b89f5c;\">TREFFEN SIE UNSERE PFERDE<\/span><\/h3>\n<p>[\/vc_column_text][\/vc_column][\/vc_row][vc_row row_type=&#8221;full&#8221;][vc_column][horseclub_slider_portofoliio psbtn=&#8221;sno&#8221;][\/vc_column][\/vc_row]<\/p>\n<\/div>","protected":false},"excerpt":{"rendered":"<p>[vc_row css=&#8221;.vc_custom_1448446635101{padding-top: 30px !important;padding-bottom: 45px !important;}&#8221;][vc_column][vc_column_text] MEESCHHAFF [\/vc_column_text][vc_text_separator title=&#8221;REIT- UND THERAPIESTALL&#8221; color=&#8221;black&#8221; style=&#8221;double&#8221; el_width=&#8221;40&#8243; css=&#8221;.vc_custom_1456488943119{padding-top: 10px !important;}&#8221;][vc_empty_space height=&#8221;36px&#8221;][vc_column_text css=&#8221;.vc_custom_1470150156654{padding-top: 20px !important;}&#8221;] Wir bieten Boxenvermietung, Pferde Training, Reitunterricht sowie Therapie Sitzungen und Wellness Behandlungen f\u00fcr Ihr Pferd. [\/vc_column_text][vc_empty_space height=&#8221;16px&#8221;][\/vc_column][\/vc_row][vc_row equal_height=&#8221;yes&#8221; row_type=&#8221;full&#8221;][vc_column width=&#8221;1\/4&#8243; css=&#8221;.vc_custom_1470666574012{padding-top: 20px !important;padding-bottom: 50px !important;background-color: #d1a734 !important;}&#8221; offset=&#8221;vc_col-lg-offset-0 vc_col-lg-3 vc_col-md-6&#8243; el_class=&#8221;hover dark-gray&#8221;][horseclub_icon_single textnoborders=&#8221;noborder&#8221; iconsmalls=&#8221;small&#8221; icon_texts=&#8221;fa-trophy&#8221; singleicon_link=&#8221;#&#8221; iconcolors=&#8221;#ffffff&#8221;][vc_empty_space height=&#8221;10&#8243;][horseclub_heading_button border=&#8221;0&#8243; align=&#8221;center&#8221; heading=&#8221;Boxenvermietung&#8221; size=&#8221;35&#8243; color=&#8221;#ffffff&#8221;][vc_column_text css=&#8221;.vc_custom_1604260265083{padding-bottom: 20px !important;}&#8221;] Wir bieten bei uns auf dem Meeschhaff eine gro\u00dfe Auswahl an verschieden Einstellm\u00f6glichkeiten, sei es in Einzelboxen, in Paddockboxen oder im Laufstall. [\/vc_column_text][vc_button align=&#8221;center&#8221; size=&#8221;btn-sm&#8221; title=&#8221;ERFAHREN SIE MEHR&#8221; href=&#8221;\/de\/boxenvermietung&#8221;][\/vc_column][vc_column width=&#8221;1\/4&#8243; css=&#8221;.vc_custom_1470666582426{padding-top: 20px !important;padding-bottom: &hellip; <a href=\"https:\/\/meeschhaff.com\/de\/\">Continued<\/a><\/p>\n","protected":false},"author":1,"featured_media":0,"parent":0,"menu_order":0,"comment_status":"closed","ping_status":"closed","template":"page-fullwidth.php","meta":{"footnotes":""},"class_list":["post-6564","page","type-page","status-publish","hentry"],"_links":{"self":[{"href":"https:\/\/meeschhaff.com\/de\/wp-json\/wp\/v2\/pages\/6564","targetHints":{"allow":["GET"]}}],"collection":[{"href":"https:\/\/meeschhaff.com\/de\/wp-json\/wp\/v2\/pages"}],"about":[{"href":"https:\/\/meeschhaff.com\/de\/wp-json\/wp\/v2\/types\/page"}],"author":[{"embeddable":true,"href":"https:\/\/meeschhaff.com\/de\/wp-json\/wp\/v2\/users\/1"}],"replies":[{"embeddable":true,"href":"https:\/\/meeschhaff.com\/de\/wp-json\/wp\/v2\/comments?post=6564"}],"version-history":[{"count":3,"href":"https:\/\/meeschhaff.com\/de\/wp-json\/wp\/v2\/pages\/6564\/revisions"}],"predecessor-version":[{"id":6970,"href":"https:\/\/meeschhaff.com\/de\/wp-json\/wp\/v2\/pages\/6564\/revisions\/6970"}],"wp:attachment":[{"href":"https:\/\/meeschhaff.com\/de\/wp-json\/wp\/v2\/media?parent=6564"}],"curies":[{"name":"wp","href":"https:\/\/api.w.org\/{rel}","templated":true}]}}