{"id":6568,"date":"2014-09-06T09:30:49","date_gmt":"2014-09-06T07:30:49","guid":{"rendered":"http:\/\/meeschhaff.com\/de\/pricing-livery-services\/"},"modified":"2016-10-17T09:20:02","modified_gmt":"2016-10-17T07:20:02","slug":"preise-boxenvermietung","status":"publish","type":"page","link":"https:\/\/meeschhaff.com\/de\/preise-boxenvermietung\/","title":{"rendered":"Preise Boxenvermietung"},"content":{"rendered":"<div class=\"wpb-content-wrapper\"><p>[vc_row css=&#8221;.vc_custom_1448446635101{padding-top: 30px !important;padding-bottom: 45px !important;}&#8221;][vc_column][vc_empty_space][vc_column_text]<\/p>\n<h2 style=\"text-align: center;\"><span style=\"color: #b89f5c;\">BOXENVERMIETUNG<\/span><\/h2>\n<p>[\/vc_column_text][vc_text_separator title=&#8221;MEESCHHAFF&#8221; color=&#8221;black&#8221; style=&#8221;double&#8221; el_width=&#8221;30&#8243; css=&#8221;.vc_custom_1458047216685{padding-top: 10px !important;}&#8221;][vc_empty_space][vc_column_text css=&#8221;.vc_custom_1470337399368{padding-top: 20px !important;}&#8221;]<\/p>\n<p style=\"text-align: center;\"><span lang=\"EN-US\">We have<\/span><span lang=\"EN-US\">Bei uns sind 40 Boxen zum Einstallen verf\u00fcgbar und wir bieten eine Vielzahl an verschiedenen Paketen. Unsere Boxen sind luftig und gro\u00dfr\u00e4umig.<\/span><\/p>\n<p>[\/vc_column_text][vc_empty_space][vc_button color=&#8221;up_btn-d&#8221; align=&#8221;center&#8221; title=&#8221;LESEN SIE MEHR&#8221; href=&#8221;\/de\/boxenvermietung&#8221;][vc_empty_space][\/vc_column][\/vc_row][vc_row row_type=&#8221;parallax&#8221; koko=&#8221;800&#8243; p_bg_image=&#8221;5514&#8243;][vc_column width=&#8221;1\/4&#8243; el_class=&#8221;no padding&#8221;][vc_empty_space height=&#8221;80&#8243;][horseclub_pricing_table pricing_title=&#8221;BOX&#8221; pricing_val=&#8221;310&#8243; pricing_symbol=&#8221;\u20ac&#8221; pricing_per=&#8221; \/Monat&#8221; pricing_link=&#8221;\/de\/webshop\/&#8221; pricing_bt=&#8221;BESTELLEN SIE JETZT!&#8221; bt_color_price=&#8221;#b89f5c&#8221; table_color=&#8221;#000000&#8243; table_color_price=&#8221;#b89f5c&#8221; table_font=&#8221;#ffffff&#8221;]<\/p>\n<ul>\n<li>3,5 x 3,5 m Box mit Stroh<\/li>\n<li>t\u00e4gliches Ausmisten \u00b9<\/li>\n<li>t\u00e4gliches Einstreuen<\/li>\n<li>2mal t\u00e4glich F\u00fcttern<\/li>\n<li>Heu und Kraftfutter<\/li>\n<li>Benutzung der Duschen<\/li>\n<li>Standard Sattelschrank<\/li>\n<li>Deckenhalter pro Pferd<\/li>\n<\/ul>\n<p>[\/horseclub_pricing_table][\/vc_column][vc_column width=&#8221;1\/4&#8243; el_class=&#8221;no padding&#8221;][vc_empty_space height=&#8221;60&#8243;][horseclub_pricing_table pricing_title=&#8221;STANDARD BOX&#8221; pricing_val=&#8221;300&#8243; pricing_symbol=&#8221;\u20ac&#8221; pricing_per=&#8221;\/Monat&#8221; pricing_link=&#8221;\/de\/webshop\/&#8221; pricing_bt=&#8221;BESTELLEN SIE JETZT!&#8221; bt_color_price=&#8221;#000000&#8243; table_color_price=&#8221;#f2f1f1&#8243; table_font=&#8221;#000000&#8243; table_color=&#8221;#ffffff&#8221;]<\/p>\n<ul>\n<li>3 x 3,5 m Box mit Stroh<\/li>\n<li>t\u00e4gliches Ausmisten \u00b9<\/li>\n<li>t\u00e4gliches Einstreuen<\/li>\n<li>2mal t\u00e4glich F\u00fcttern<\/li>\n<li>Heu und Kraftfutter<\/li>\n<li>Benutzung der Duschen<\/li>\n<li>Standard Sattelschrank<\/li>\n<li>ein Deckenhalter pro Pferd<\/li>\n<\/ul>\n<p>[\/horseclub_pricing_table][\/vc_column][vc_column width=&#8221;1\/4&#8243; el_class=&#8221;no padding&#8221;][vc_empty_space height=&#8221;20&#8243;][horseclub_pricing_table pricing_title=&#8221;PREMIUM BOX&#8221; pricing_val=&#8221;410&#8243; pricing_symbol=&#8221;\u20ac&#8221; pricing_per=&#8221;\/Monat&#8221; pricing_link=&#8221;\/de\/webshop\/&#8221; pricing_bt=&#8221;BESTELLEN SIE JETZT!&#8221; table_color=&#8221;#d1a734&#8243; table_color_price=&#8221;#000000&#8243; bt_color_price=&#8221;#000000&#8243; table_font=&#8221;#ffffff&#8221;]<\/p>\n<ul>\n<li>Paddockbox mit Stroh<\/li>\n<li>t\u00e4gliches Ausmisten\u00a0\u00b9<\/li>\n<li>t\u00e4gliches Einstreuen<\/li>\n<li>2mal t\u00e4glich F\u00fcttern<\/li>\n<li>Heu und Kraftfutter<\/li>\n<li>Benutzung der Duschen<\/li>\n<li>Standard Sattelschrank<\/li>\n<li>ein Deckenhalter pro Pferd<\/li>\n<\/ul>\n<p>[\/horseclub_pricing_table][\/vc_column][vc_column width=&#8221;1\/4&#8243; el_class=&#8221;no padding&#8221;][vc_empty_space height=&#8221;60&#8243;][horseclub_pricing_table pricing_title=&#8221;LAUFSTALL&#8221; pricing_val=&#8221;300&#8243; pricing_symbol=&#8221;\u20ac&#8221; pricing_per=&#8221;\/Monat&#8221; pricing_link=&#8221;\/de\/webshop\/&#8221; pricing_bt=&#8221;BESTELLEN SIE JETZT!&#8221; bt_color_price=&#8221;#b89f5c&#8221; table_color=&#8221;#000000&#8243; table_color_price=&#8221;#b89f5c&#8221; table_font=&#8221;#ffffff&#8221;]<\/p>\n<ul>\n<li>Laufstall<\/li>\n<li>freier Zugang zu Paddock und Weide<\/li>\n<li>monatliches Ausmisten<\/li>\n<li>t\u00e4gliches Einstreuen<\/li>\n<li>2mal t\u00e4glich F\u00fcttern<\/li>\n<li>Heu und Kraftfutter<\/li>\n<li>Benutzung der Duschen<\/li>\n<li>Standard Sattelschrank<\/li>\n<li>ein Deckenhalter pro Pferd<\/li>\n<\/ul>\n<p>[\/horseclub_pricing_table][\/vc_column][\/vc_row][vc_row css=&#8221;.vc_custom_1448446635101{padding-top: 30px !important;padding-bottom: 45px !important;}&#8221;][vc_column][vc_empty_space][vc_column_text]<\/p>\n<h2 style=\"text-align: center;\"><span style=\"color: #b89f5c;\">EXTRAS<\/span><\/h2>\n<p>[\/vc_column_text][vc_text_separator title=&#8221;MEESCHHAFF&#8221; color=&#8221;black&#8221; style=&#8221;double&#8221; el_width=&#8221;20&#8243; css=&#8221;.vc_custom_1458047276238{padding-top: 10px !important;}&#8221;][vc_empty_space][vc_column_text css=&#8221;.vc_custom_1470338539551{padding-top: 20px !important;}&#8221;]<\/p>\n<p style=\"text-align: center;\"><span lang=\"EN-US\">Wir bieten eine Vielzahl an Extras auf monatliche oder Einzelsitzungsbasis.<\/span><\/p>\n<p>[\/vc_column_text][vc_empty_space][vc_button color=&#8221;up_btn-d&#8221; align=&#8221;center&#8221; title=&#8221;LESEN SIE MEHR&#8221; href=&#8221;\/de\/boxenvermietung\/&#8221;][vc_empty_space][\/vc_column][\/vc_row][vc_row row_type=&#8221;parallax&#8221; koko=&#8221;700&#8243; p_bg_image=&#8221;6646&#8243;][vc_column width=&#8221;1\/4&#8243; el_class=&#8221;no padding&#8221;][vc_empty_space height=&#8221;40&#8243;][horseclub_pricing_table pricing_title=&#8221;BENUTZUNG ALLER REITFL\u00c4CHEN&#8221; pricing_val=&#8221;70&#8243; pricing_symbol=&#8221;\u20ac&#8221; pricing_per=&#8221;\/Monat&#8221; pricing_link=&#8221;\/de\/webshop\/&#8221; pricing_bt=&#8221;BESTELLEN SIE JETZT!&#8221; bt_color_price=&#8221;#000000&#8243; table_color=&#8221;#d1a734&#8243; table_color_price=&#8221;#000000&#8243; table_font=&#8221;#ffffff&#8221;]<img data-recalc-dims=\"1\" loading=\"lazy\" decoding=\"async\" class=\"aligncenter wp-image-5475\" src=\"https:\/\/i0.wp.com\/meeschhaff.com\/wp-content\/uploads\/2014\/09\/arenas-toned-lined.png?resize=250%2C250\" alt=\"\" width=\"250\" height=\"250\" srcset=\"https:\/\/i0.wp.com\/meeschhaff.com\/wp-content\/uploads\/2014\/09\/arenas-toned-lined.png?w=500&amp;ssl=1 500w, https:\/\/i0.wp.com\/meeschhaff.com\/wp-content\/uploads\/2014\/09\/arenas-toned-lined.png?resize=150%2C150&amp;ssl=1 150w, https:\/\/i0.wp.com\/meeschhaff.com\/wp-content\/uploads\/2014\/09\/arenas-toned-lined.png?resize=300%2C300&amp;ssl=1 300w, https:\/\/i0.wp.com\/meeschhaff.com\/wp-content\/uploads\/2014\/09\/arenas-toned-lined.png?resize=120%2C120&amp;ssl=1 120w, https:\/\/i0.wp.com\/meeschhaff.com\/wp-content\/uploads\/2014\/09\/arenas-toned-lined.png?resize=400%2C400&amp;ssl=1 400w, https:\/\/i0.wp.com\/meeschhaff.com\/wp-content\/uploads\/2014\/09\/arenas-toned-lined.png?resize=200%2C200&amp;ssl=1 200w\" sizes=\"auto, (max-width: 250px) 100vw, 250px\" \/>[\/horseclub_pricing_table][\/vc_column][vc_column width=&#8221;1\/4&#8243; el_class=&#8221;no padding&#8221;][vc_empty_space height=&#8221;80&#8243;][horseclub_pricing_table pricing_title=&#8221;SOLARIUM&#8221; pricing_val=&#8221;0,5&#8243; pricing_symbol=&#8221;\u20ac&#8221; pricing_per=&#8221;\/ session&#8221; bt_color_price=&#8221;#000000&#8243; table_color_price=&#8221;#f2f1f1&#8243; table_font=&#8221;#000000&#8243; table_color=&#8221;#ffffff&#8221; pricing_bt=&#8221;LESEN SIE MEHR&#8221; pricing_link=&#8221;\/de\/webshop\/&#8221;]<img data-recalc-dims=\"1\" loading=\"lazy\" decoding=\"async\" class=\"aligncenter wp-image-5521\" src=\"https:\/\/i0.wp.com\/meeschhaff.com\/wp-content\/uploads\/2014\/09\/solarium2-yellow-1024x1024.jpg?resize=250%2C250\" alt=\"\" width=\"250\" height=\"250\" srcset=\"https:\/\/i0.wp.com\/meeschhaff.com\/wp-content\/uploads\/2014\/09\/solarium2-yellow.jpg?resize=1024%2C1024&amp;ssl=1 1024w, https:\/\/i0.wp.com\/meeschhaff.com\/wp-content\/uploads\/2014\/09\/solarium2-yellow.jpg?resize=150%2C150&amp;ssl=1 150w, https:\/\/i0.wp.com\/meeschhaff.com\/wp-content\/uploads\/2014\/09\/solarium2-yellow.jpg?resize=300%2C300&amp;ssl=1 300w, https:\/\/i0.wp.com\/meeschhaff.com\/wp-content\/uploads\/2014\/09\/solarium2-yellow.jpg?resize=768%2C768&amp;ssl=1 768w, https:\/\/i0.wp.com\/meeschhaff.com\/wp-content\/uploads\/2014\/09\/solarium2-yellow.jpg?resize=120%2C120&amp;ssl=1 120w, https:\/\/i0.wp.com\/meeschhaff.com\/wp-content\/uploads\/2014\/09\/solarium2-yellow.jpg?resize=400%2C400&amp;ssl=1 400w, https:\/\/i0.wp.com\/meeschhaff.com\/wp-content\/uploads\/2014\/09\/solarium2-yellow.jpg?resize=600%2C600&amp;ssl=1 600w, https:\/\/i0.wp.com\/meeschhaff.com\/wp-content\/uploads\/2014\/09\/solarium2-yellow.jpg?resize=200%2C200&amp;ssl=1 200w, https:\/\/i0.wp.com\/meeschhaff.com\/wp-content\/uploads\/2014\/09\/solarium2-yellow.jpg?w=1920&amp;ssl=1 1920w\" sizes=\"auto, (max-width: 250px) 100vw, 250px\" \/>[\/horseclub_pricing_table][\/vc_column][vc_column width=&#8221;1\/4&#8243; el_class=&#8221;no padding&#8221;][vc_empty_space height=&#8221;60&#8243;][horseclub_pricing_table pricing_title=&#8221;\u00dcBERDACHTE F\u00dcHRANLAGE&#8221; pricing_val=&#8221;30&#8243; pricing_symbol=&#8221;\u20ac&#8221; pricing_per=&#8221;\/Monat (3 x Woche)&#8221; pricing_link=&#8221;\/de\/webshop\/&#8221; pricing_bt=&#8221;BESTELLEN SIE JETZT!&#8221; bt_color_price=&#8221;#000000&#8243; table_color_price=&#8221;#000000&#8243; table_font=&#8221;#ffffff&#8221; table_color=&#8221;#d1a734&#8243;]<img data-recalc-dims=\"1\" loading=\"lazy\" decoding=\"async\" class=\"aligncenter wp-image-5523\" src=\"https:\/\/i0.wp.com\/meeschhaff.com\/wp-content\/uploads\/2014\/09\/looprek-square-1-300x300.jpg?resize=250%2C250\" alt=\"\" width=\"250\" height=\"250\" srcset=\"https:\/\/i0.wp.com\/meeschhaff.com\/wp-content\/uploads\/2014\/09\/looprek-square-1.jpg?resize=300%2C300&amp;ssl=1 300w, https:\/\/i0.wp.com\/meeschhaff.com\/wp-content\/uploads\/2014\/09\/looprek-square-1.jpg?resize=150%2C150&amp;ssl=1 150w, https:\/\/i0.wp.com\/meeschhaff.com\/wp-content\/uploads\/2014\/09\/looprek-square-1.jpg?resize=768%2C768&amp;ssl=1 768w, https:\/\/i0.wp.com\/meeschhaff.com\/wp-content\/uploads\/2014\/09\/looprek-square-1.jpg?resize=1024%2C1024&amp;ssl=1 1024w, https:\/\/i0.wp.com\/meeschhaff.com\/wp-content\/uploads\/2014\/09\/looprek-square-1.jpg?resize=120%2C120&amp;ssl=1 120w, https:\/\/i0.wp.com\/meeschhaff.com\/wp-content\/uploads\/2014\/09\/looprek-square-1.jpg?resize=400%2C400&amp;ssl=1 400w, https:\/\/i0.wp.com\/meeschhaff.com\/wp-content\/uploads\/2014\/09\/looprek-square-1.jpg?resize=600%2C600&amp;ssl=1 600w, https:\/\/i0.wp.com\/meeschhaff.com\/wp-content\/uploads\/2014\/09\/looprek-square-1.jpg?resize=200%2C200&amp;ssl=1 200w, https:\/\/i0.wp.com\/meeschhaff.com\/wp-content\/uploads\/2014\/09\/looprek-square-1.jpg?w=1920&amp;ssl=1 1920w\" sizes=\"auto, (max-width: 250px) 100vw, 250px\" \/><\/p>\n<h6 style=\"text-align: center;\">** or 50\u20ac\/MO for\u00a06 sessions\/week<\/h6>\n<p>[\/horseclub_pricing_table][\/vc_column][vc_column width=&#8221;1\/4&#8243; el_class=&#8221;no padding&#8221;][vc_empty_space height=&#8221;40&#8243;][horseclub_pricing_table pricing_title=&#8221;LAUFBAND&#8221; pricing_val=&#8221;1&#8243; pricing_symbol=&#8221;\u20ac&#8221; pricing_per=&#8221;\/ session&#8221; pricing_bt=&#8221;LESEN SIE MEHR&#8221; table_color=&#8221;#b89f5c&#8221; table_color_price=&#8221;#000000&#8243; bt_color_price=&#8221;#000000&#8243; table_font=&#8221;#ffffff&#8221; pricing_link=&#8221;\/de\/webshop\/&#8221;]<img data-recalc-dims=\"1\" loading=\"lazy\" decoding=\"async\" class=\"aligncenter wp-image-5465\" src=\"https:\/\/i0.wp.com\/meeschhaff.com\/wp-content\/uploads\/2014\/09\/loopband-300x300.jpg?resize=250%2C250\" alt=\"\" width=\"250\" height=\"250\" srcset=\"https:\/\/i0.wp.com\/meeschhaff.com\/wp-content\/uploads\/2014\/09\/loopband.jpg?resize=300%2C300&amp;ssl=1 300w, https:\/\/i0.wp.com\/meeschhaff.com\/wp-content\/uploads\/2014\/09\/loopband.jpg?resize=150%2C150&amp;ssl=1 150w, https:\/\/i0.wp.com\/meeschhaff.com\/wp-content\/uploads\/2014\/09\/loopband.jpg?resize=768%2C768&amp;ssl=1 768w, https:\/\/i0.wp.com\/meeschhaff.com\/wp-content\/uploads\/2014\/09\/loopband.jpg?resize=1024%2C1024&amp;ssl=1 1024w, https:\/\/i0.wp.com\/meeschhaff.com\/wp-content\/uploads\/2014\/09\/loopband.jpg?resize=120%2C120&amp;ssl=1 120w, https:\/\/i0.wp.com\/meeschhaff.com\/wp-content\/uploads\/2014\/09\/loopband.jpg?resize=400%2C400&amp;ssl=1 400w, https:\/\/i0.wp.com\/meeschhaff.com\/wp-content\/uploads\/2014\/09\/loopband.jpg?resize=600%2C600&amp;ssl=1 600w, https:\/\/i0.wp.com\/meeschhaff.com\/wp-content\/uploads\/2014\/09\/loopband.jpg?resize=200%2C200&amp;ssl=1 200w, https:\/\/i0.wp.com\/meeschhaff.com\/wp-content\/uploads\/2014\/09\/loopband.jpg?w=1920&amp;ssl=1 1920w\" sizes=\"auto, (max-width: 250px) 100vw, 250px\" \/>[\/horseclub_pricing_table][\/vc_column][\/vc_row][vc_row css=&#8221;.vc_custom_1448446635101{padding-top: 30px !important;padding-bottom: 45px !important;}&#8221;][vc_column][vc_empty_space][vc_column_text]<\/p>\n<h2 style=\"text-align: center;\"><span style=\"color: #b89f5c;\">EXTRAS<\/span><\/h2>\n<p>[\/vc_column_text][vc_text_separator title=&#8221;MEESCHHAFF&#8221; color=&#8221;black&#8221; style=&#8221;double&#8221; el_width=&#8221;20&#8243; css=&#8221;.vc_custom_1458047291083{padding-top: 10px !important;}&#8221;][vc_empty_space][vc_column_text css=&#8221;.vc_custom_1470339328717{padding-top: 20px !important;}&#8221;]<\/p>\n<p style=\"text-align: center;\"><span lang=\"EN-US\">Wir bieten einige extra Dienstleitungen auf monatlicher Basis.<\/span><\/p>\n<p>[\/vc_column_text][vc_empty_space][vc_button color=&#8221;up_btn-d&#8221; align=&#8221;center&#8221; title=&#8221;LESEN SIE MEHR&#8221; href=&#8221;\/de\/boxenvermietung\/&#8221;][vc_empty_space][\/vc_column][\/vc_row][vc_row row_type=&#8221;parallax&#8221; koko=&#8221;720&#8243; p_bg_image=&#8221;5514&#8243;][vc_column width=&#8221;1\/4&#8243; el_class=&#8221;no padding&#8221;][vc_empty_space height=&#8221;40&#8243;][horseclub_pricing_table pricing_title=&#8221;SP\u00c4NE&#8221; pricing_val=&#8221;50&#8243; pricing_symbol=&#8221;\u20ac&#8221; pricing_per=&#8221;\/Monat&#8221; pricing_link=&#8221;\/de\/webshop\/&#8221; pricing_bt=&#8221;UPGRADE&#8221; bt_color_price=&#8221;#000000&#8243; table_color=&#8221;#d1a734&#8243; table_color_price=&#8221;#000000&#8243; table_font=&#8221;#ffffff&#8221;]<img data-recalc-dims=\"1\" loading=\"lazy\" decoding=\"async\" class=\"aligncenter wp-image-5493\" src=\"https:\/\/i0.wp.com\/meeschhaff.com\/wp-content\/uploads\/2014\/09\/91bXfuIA3jL._SL1280_-300x300.jpg?resize=250%2C250\" alt=\"\" width=\"250\" height=\"250\" srcset=\"https:\/\/i0.wp.com\/meeschhaff.com\/wp-content\/uploads\/2014\/09\/91bXfuIA3jL._SL1280_.jpg?resize=300%2C300&amp;ssl=1 300w, https:\/\/i0.wp.com\/meeschhaff.com\/wp-content\/uploads\/2014\/09\/91bXfuIA3jL._SL1280_.jpg?resize=150%2C150&amp;ssl=1 150w, https:\/\/i0.wp.com\/meeschhaff.com\/wp-content\/uploads\/2014\/09\/91bXfuIA3jL._SL1280_.jpg?resize=768%2C768&amp;ssl=1 768w, https:\/\/i0.wp.com\/meeschhaff.com\/wp-content\/uploads\/2014\/09\/91bXfuIA3jL._SL1280_.jpg?resize=1024%2C1024&amp;ssl=1 1024w, https:\/\/i0.wp.com\/meeschhaff.com\/wp-content\/uploads\/2014\/09\/91bXfuIA3jL._SL1280_.jpg?resize=120%2C120&amp;ssl=1 120w, https:\/\/i0.wp.com\/meeschhaff.com\/wp-content\/uploads\/2014\/09\/91bXfuIA3jL._SL1280_.jpg?resize=400%2C400&amp;ssl=1 400w, https:\/\/i0.wp.com\/meeschhaff.com\/wp-content\/uploads\/2014\/09\/91bXfuIA3jL._SL1280_.jpg?resize=600%2C600&amp;ssl=1 600w, https:\/\/i0.wp.com\/meeschhaff.com\/wp-content\/uploads\/2014\/09\/91bXfuIA3jL._SL1280_.jpg?resize=200%2C200&amp;ssl=1 200w, https:\/\/i0.wp.com\/meeschhaff.com\/wp-content\/uploads\/2014\/09\/91bXfuIA3jL._SL1280_.jpg?w=1280&amp;ssl=1 1280w\" sizes=\"auto, (max-width: 250px) 100vw, 250px\" \/><\/p>\n<p style=\"text-align: center;\">Replaces regular straw<\/p>\n<p>[\/horseclub_pricing_table][\/vc_column][vc_column width=&#8221;1\/4&#8243; el_class=&#8221;no padding&#8221;][vc_empty_space height=&#8221;80&#8243;][horseclub_pricing_table pricing_title=&#8221;SOMMER WEIDEHALTUNG&#8221; pricing_val=&#8221;220&#8243; pricing_symbol=&#8221;\u20ac&#8221; pricing_per=&#8221;\/MO&#8221; pricing_bt=&#8221;BESTELLEN SIE JETZT!&#8221; table_color=&#8221;#b89f5c&#8221; table_color_price=&#8221;#000000&#8243; bt_color_price=&#8221;#000000&#8243; table_font=&#8221;#ffffff&#8221; pricing_link=&#8221;\/de\/webshop\/&#8221;]<\/p>\n<ul>\n<li>F\u00fctterung<\/li>\n<li>Benutzung der Dusche<\/li>\n<li>Standard Sattelschrank<\/li>\n<li>ein Deckenhalter pro Pferd<\/li>\n<li>nur w\u00e4hrend der Sommerzeit<\/li>\n<li>Nutzung der Reitfl\u00e4chen NICHT mit inbegriffen<\/li>\n<\/ul>\n<p>[\/horseclub_pricing_table][\/vc_column][vc_column width=&#8221;1\/4&#8243; el_class=&#8221;no padding&#8221;][vc_empty_space height=&#8221;60&#8243;][horseclub_pricing_table pricing_title=&#8221;BETREUUNGSANGEBOT&#8221; pricing_val=&#8221;50&#8243; pricing_symbol=&#8221;\u20ac&#8221; pricing_per=&#8221;\/Monat&#8221; bt_color_price=&#8221;#000000&#8243; table_color_price=&#8221;#f2f1f1&#8243; table_font=&#8221;#000000&#8243; table_color=&#8221;#ffffff&#8221; pricing_bt=&#8221;BESTELLEN SIE JETZT!&#8221; pricing_link=&#8221;\/de\/webshop\/&#8221;]<\/p>\n<ul>\n<li>t\u00e4gliches Rausstellen<\/li>\n<li>t\u00e4gliches Reinholen<\/li>\n<li>auf Paddock oder Weide<\/li>\n<li>6 Tage die Woche<\/li>\n<li>au\u00dfer an Sonn- und Feiertagen<\/li>\n<\/ul>\n<p>[\/horseclub_pricing_table][\/vc_column][vc_column width=&#8221;1\/4&#8243; el_class=&#8221;no padding&#8221;][vc_empty_space height=&#8221;40&#8243;][horseclub_pricing_table pricing_title=&#8221;BETREUUNGSANGEBOT PLUS&#8221; pricing_val=&#8221;30&#8243; pricing_symbol=&#8221;\u20ac&#8221; pricing_per=&#8221;\/Monat&#8221; pricing_link=&#8221;\/de\/webshop\/&#8221; pricing_bt=&#8221;BESTELLEN SIE JETZT!&#8221; bt_color_price=&#8221;#000000&#8243; table_color_price=&#8221;#000000&#8243; table_font=&#8221;#ffffff&#8221; table_color=&#8221;#d1a734&#8243;]<\/p>\n<ul>\n<li><strong>Anlegen und Abnehmen von:<\/strong><\/li>\n<li>Gamaschen und Glocken<\/li>\n<li>Decken\u00a0und\u00a0Fliegenmasken<\/li>\n<li>6 Tage die Woche<\/li>\n<li>au\u00dfer an Sonn- und Feiertagen<\/li>\n<\/ul>\n<p>[\/horseclub_pricing_table][\/vc_column][\/vc_row][vc_row css=&#8221;.vc_custom_1447149676004{padding-top: 45px !important;padding-bottom: 40px !important;background-color: #f2f2f2 !important;}&#8221;][vc_column][vc_column_text css=&#8221;.vc_custom_1470339918119{padding-bottom: 10px !important;}&#8221;]<\/p>\n<h2 style=\"text-align: center;\">NEHMEN SIE KONTAKT MIT UNS AUF<\/h2>\n<p>[\/vc_column_text][vc_text_separator title=&#8221;MEESCHHAFF&#8221; color=&#8221;black&#8221; style=&#8221;double&#8221; el_width=&#8221;20&#8243;][vc_empty_space][contact-form-7 id=&#8221;6600&#8243;][\/vc_column][\/vc_row]<\/p>\n<\/div>","protected":false},"excerpt":{"rendered":"<p>[vc_row css=&#8221;.vc_custom_1448446635101{padding-top: 30px !important;padding-bottom: 45px !important;}&#8221;][vc_column][vc_empty_space][vc_column_text] BOXENVERMIETUNG [\/vc_column_text][vc_text_separator title=&#8221;MEESCHHAFF&#8221; color=&#8221;black&#8221; style=&#8221;double&#8221; el_width=&#8221;30&#8243; css=&#8221;.vc_custom_1458047216685{padding-top: 10px !important;}&#8221;][vc_empty_space][vc_column_text css=&#8221;.vc_custom_1470337399368{padding-top: 20px !important;}&#8221;] We haveBei uns sind 40 Boxen zum Einstallen verf\u00fcgbar und wir bieten eine Vielzahl an verschiedenen Paketen. Unsere Boxen sind luftig und gro\u00dfr\u00e4umig. [\/vc_column_text][vc_empty_space][vc_button color=&#8221;up_btn-d&#8221; align=&#8221;center&#8221; title=&#8221;LESEN SIE MEHR&#8221; href=&#8221;\/de\/boxenvermietung&#8221;][vc_empty_space][\/vc_column][\/vc_row][vc_row row_type=&#8221;parallax&#8221; koko=&#8221;800&#8243; p_bg_image=&#8221;5514&#8243;][vc_column width=&#8221;1\/4&#8243; el_class=&#8221;no padding&#8221;][vc_empty_space height=&#8221;80&#8243;][horseclub_pricing_table pricing_title=&#8221;BOX&#8221; pricing_val=&#8221;310&#8243; pricing_symbol=&#8221;\u20ac&#8221; pricing_per=&#8221; \/Monat&#8221; pricing_link=&#8221;\/de\/webshop\/&#8221; pricing_bt=&#8221;BESTELLEN SIE JETZT!&#8221; bt_color_price=&#8221;#b89f5c&#8221; table_color=&#8221;#000000&#8243; table_color_price=&#8221;#b89f5c&#8221; table_font=&#8221;#ffffff&#8221;] 3,5 x 3,5 m Box mit Stroh t\u00e4gliches Ausmisten \u00b9 t\u00e4gliches Einstreuen 2mal t\u00e4glich F\u00fcttern Heu und Kraftfutter Benutzung der Duschen Standard Sattelschrank Deckenhalter pro Pferd [\/horseclub_pricing_table][\/vc_column][vc_column width=&#8221;1\/4&#8243; el_class=&#8221;no padding&#8221;][vc_empty_space height=&#8221;60&#8243;][horseclub_pricing_table pricing_title=&#8221;STANDARD &hellip; <a href=\"https:\/\/meeschhaff.com\/de\/preise-boxenvermietung\/\">Continued<\/a><\/p>\n","protected":false},"author":1,"featured_media":0,"parent":0,"menu_order":0,"comment_status":"open","ping_status":"open","template":"page-fullwidth.php","meta":{"footnotes":""},"class_list":["post-6568","page","type-page","status-publish","hentry"],"_links":{"self":[{"href":"https:\/\/meeschhaff.com\/de\/wp-json\/wp\/v2\/pages\/6568","targetHints":{"allow":["GET"]}}],"collection":[{"href":"https:\/\/meeschhaff.com\/de\/wp-json\/wp\/v2\/pages"}],"about":[{"href":"https:\/\/meeschhaff.com\/de\/wp-json\/wp\/v2\/types\/page"}],"author":[{"embeddable":true,"href":"https:\/\/meeschhaff.com\/de\/wp-json\/wp\/v2\/users\/1"}],"replies":[{"embeddable":true,"href":"https:\/\/meeschhaff.com\/de\/wp-json\/wp\/v2\/comments?post=6568"}],"version-history":[{"count":3,"href":"https:\/\/meeschhaff.com\/de\/wp-json\/wp\/v2\/pages\/6568\/revisions"}],"predecessor-version":[{"id":6770,"href":"https:\/\/meeschhaff.com\/de\/wp-json\/wp\/v2\/pages\/6568\/revisions\/6770"}],"wp:attachment":[{"href":"https:\/\/meeschhaff.com\/de\/wp-json\/wp\/v2\/media?parent=6568"}],"curies":[{"name":"wp","href":"https:\/\/api.w.org\/{rel}","templated":true}]}}