{"id":6569,"date":"2016-03-16T14:00:54","date_gmt":"2016-03-16T13:00:54","guid":{"rendered":"http:\/\/meeschhaff.com\/de\/pricing-of-livery-services-for-breeding\/"},"modified":"2016-08-08T01:07:58","modified_gmt":"2016-08-07T23:07:58","slug":"preise-boxenvermietung-fur-zucht","status":"publish","type":"page","link":"https:\/\/meeschhaff.com\/de\/preise-boxenvermietung-fur-zucht\/","title":{"rendered":"Preise Boxenvermietung f\u00fcr Zucht"},"content":{"rendered":"<div class=\"wpb-content-wrapper\"><p>[vc_row css=&#8221;.vc_custom_1448446635101{padding-top: 30px !important;padding-bottom: 45px !important;}&#8221;][vc_column][vc_empty_space][vc_column_text]<\/p>\n<h2 style=\"text-align: center;\"><span style=\"color: #b89f5c;\">BOXENVERMIETUNG F\u00dcR ZUCHT<\/span><\/h2>\n<p>[\/vc_column_text][vc_text_separator title=&#8221;MEESCHHAFF&#8221; color=&#8221;black&#8221; style=&#8221;double&#8221; el_width=&#8221;50&#8243; css=&#8221;.vc_custom_1458234513950{padding-top: 10px !important;}&#8221;][vc_empty_space][vc_column_text css=&#8221;.vc_custom_1470611160581{padding-top: 20px !important;}&#8221;]<\/p>\n<p style=\"text-align: center;\"><span lang=\"EN-US\">Die Preise der Boxenvermietung f\u00fcr Zuchtzwecke sind preislich je nach Alter des Fohlens ausgerichtet. Die Preisgestaltung f\u00fcr die Mutterstute ist nicht mehr mitinbegriffen, sobald das Fohlen abgesetzt wird. Der Boxenpreis f\u00fcr die Stute beziehen Sie aus der <a href=\"\/de\/preise-boxenvermietung\/\">Preisliste der regul\u00e4ren Boxenvermietung<\/a>.<\/span><\/p>\n<p>[\/vc_column_text][vc_empty_space][\/vc_column][\/vc_row][vc_row css=&#8221;.vc_custom_1458139582548{background-color: #d1a734 !important;}&#8221;][vc_column][vc_column_text css_animation=&#8221;bottom-to-top&#8221; css=&#8221;.vc_custom_1470341406222{padding-top: 32px !important;}&#8221;]<\/p>\n<h3 style=\"text-align: center;\"><span style=\"color: #ffffff;\">BOXENVERMIETUNG F\u00dcR MUTTERSTUTE UND FOHLEN BIS ZUR ABSETZUNG<\/span><\/h3>\n<p>[\/vc_column_text][vc_empty_space height=&#8221;48px&#8221;][\/vc_column][\/vc_row][vc_row row_type=&#8221;full&#8221; css=&#8221;.vc_custom_1447165163711{background-color: #ffffff !important;}&#8221;][vc_column][vc_separator sepopt=&#8221;shape&#8221; sepshape=&#8221;triangle&#8221; shapecolb=&#8221;#e0e0e0&#8243; shapecol=&#8221;#d1a734&#8243;][\/vc_column][\/vc_row][vc_row css=&#8221;.vc_custom_1458137464891{background-color: #e0e0e0 !important;}&#8221;][vc_column width=&#8221;1\/3&#8243;][\/vc_column][vc_column width=&#8221;1\/3&#8243; el_class=&#8221;no padding&#8221;][vc_empty_space height=&#8221;40&#8243;][horseclub_pricing_table pricing_title=&#8221;STANDARD BOX&#8221; pricing_val=&#8221;300&#8243; pricing_symbol=&#8221;\u20ac&#8221; pricing_per=&#8221;\/Monat&#8221; pricing_link=&#8221;\/de\/webshop\/&#8221; pricing_bt=&#8221;BESTELLEN SIE JETZT!&#8221; bt_color_price=&#8221;#b89f5c&#8221; table_color=&#8221;#000000&#8243; table_color_price=&#8221;#b89f5c&#8221; table_font=&#8221;#ffffff&#8221;]<\/p>\n<ul>\n<li>3,5 x 3,5 m Box mit Stroh<\/li>\n<li>t\u00e4gliches Ausmisten \u00b9<\/li>\n<li>t\u00e4gliches Einstreuen<\/li>\n<li>2mal t\u00e4glich F\u00fctterung<\/li>\n<li>Heu und Kraftfutter<\/li>\n<li>Benutzung der Duschen<\/li>\n<li>Standard Sattelschrank<\/li>\n<li>ein Deckenhalter pro Pferd<\/li>\n<\/ul>\n<p>[\/horseclub_pricing_table][\/vc_column][vc_column width=&#8221;1\/3&#8243;][\/vc_column][\/vc_row][vc_row css=&#8221;.vc_custom_1458137450792{background-color: #e0e0e0 !important;}&#8221;][vc_column][vc_empty_space height=&#8221;64px&#8221;][\/vc_column][\/vc_row][vc_row css=&#8221;.vc_custom_1458137197708{background-color: #d1a734 !important;}&#8221;][vc_column][vc_column_text css_animation=&#8221;bottom-to-top&#8221; css=&#8221;.vc_custom_1470341572972{padding-top: 32px !important;}&#8221;]<\/p>\n<h3 style=\"text-align: center;\"><span style=\"color: #ffffff;\">BOX F\u00dcR FOHLEN BIS ZUM 1. LEBENSJAHR (1\/1)<\/span><\/h3>\n<p>[\/vc_column_text][vc_empty_space height=&#8221;48px&#8221;][\/vc_column][\/vc_row][vc_row row_type=&#8221;full&#8221; css=&#8221;.vc_custom_1447165163711{background-color: #ffffff !important;}&#8221;][vc_column][vc_separator sepopt=&#8221;shape&#8221; sepshape=&#8221;triangle&#8221; shapecolb=&#8221;#f5f5f5&#8243; shapecol=&#8221;#d1a734&#8243;][\/vc_column][\/vc_row][vc_row css=&#8221;.vc_custom_1458138042744{background-color: #f5f5f5 !important;}&#8221;][vc_column width=&#8221;1\/4&#8243;][\/vc_column][vc_column width=&#8221;1\/4&#8243; el_class=&#8221;no padding&#8221;][vc_empty_space height=&#8221;40&#8243;][horseclub_pricing_table pricing_title=&#8221;LAUFSTALLHALTUNG&#8221; pricing_val=&#8221;140&#8243; pricing_symbol=&#8221;\u20ac&#8221; pricing_per=&#8221;\/Monat&#8221; pricing_link=&#8221;\/de\/webshop\/&#8221; pricing_bt=&#8221;BESTELLEN SIE JETZT!&#8221; bt_color_price=&#8221;#b89f5c&#8221; table_color=&#8221;#000000&#8243; table_color_price=&#8221;#b89f5c&#8221; table_font=&#8221;#ffffff&#8221;]<\/p>\n<ul>\n<li>Laufstallhaltung<\/li>\n<li>Zugang zu Paddock und Weide<\/li>\n<li>monatliches Ausmisten<\/li>\n<li>t\u00e4gliches Einstreuen<\/li>\n<li>2-mal t\u00e4glich F\u00fctterung<\/li>\n<li>Heu und Kraftfutter<\/li>\n<li>Benutzung der Duschen<\/li>\n<\/ul>\n<p>[\/horseclub_pricing_table][\/vc_column][vc_column width=&#8221;1\/4&#8243; el_class=&#8221;no padding&#8221;][vc_empty_space height=&#8221;60&#8243;][horseclub_pricing_table pricing_title=&#8221;STANDARD BOX&#8221; pricing_val=&#8221;170&#8243; pricing_symbol=&#8221;\u20ac&#8221; pricing_per=&#8221;\/Monat&#8221; pricing_link=&#8221;\/de\/webshop\/&#8221; pricing_bt=&#8221;BESTELLEN SIE JETZT!&#8221; bt_color_price=&#8221;#000000&#8243; table_color=&#8221;#d1a734&#8243; table_color_price=&#8221;#000000&#8243; table_font=&#8221;#ffffff&#8221;]<\/p>\n<ul>\n<li>3,5 x 3,5 m Box mit Stroh<\/li>\n<li>t\u00e4gliches Ausmisten \u00b9<\/li>\n<li>t\u00e4gliches Einstreuen<\/li>\n<li>2mal t\u00e4glich F\u00fcttung<\/li>\n<li>Heu und Kraftfutter<\/li>\n<li>Benutzung der Duschen<\/li>\n<\/ul>\n<p>[\/horseclub_pricing_table][\/vc_column][vc_column width=&#8221;1\/4&#8243;][\/vc_column][\/vc_row][vc_row css=&#8221;.vc_custom_1458138122133{background-color: #f5f5f5 !important;}&#8221;][vc_column][vc_empty_space height=&#8221;64px&#8221;][\/vc_column][\/vc_row][vc_row css=&#8221;.vc_custom_1458139610055{background-color: #d1a734 !important;}&#8221;][vc_column][vc_column_text css_animation=&#8221;bottom-to-top&#8221; css=&#8221;.vc_custom_1470341876036{padding-top: 32px !important;}&#8221;]<\/p>\n<h3 style=\"text-align: center;\"><span style=\"color: #ffffff;\">BOXENVERMIETUNG F\u00dcR FOHLEN ZWISCHEN DEM 1. UND 2. LEBENSJAHR (1\/1)<\/span><\/h3>\n<p>[\/vc_column_text][vc_empty_space height=&#8221;48px&#8221;][\/vc_column][\/vc_row][vc_row row_type=&#8221;full&#8221; css=&#8221;.vc_custom_1447165163711{background-color: #ffffff !important;}&#8221;][vc_column][vc_separator sepopt=&#8221;shape&#8221; sepshape=&#8221;triangle&#8221; shapecol=&#8221;#d1a734&#8243;][\/vc_column][\/vc_row][vc_row][vc_column width=&#8221;1\/4&#8243;][\/vc_column][vc_column width=&#8221;1\/4&#8243; el_class=&#8221;no padding&#8221;][vc_empty_space height=&#8221;40&#8243;][horseclub_pricing_table pricing_title=&#8221;LAUFSTALLHALTUNG&#8221; pricing_val=&#8221;230&#8243; pricing_symbol=&#8221;\u20ac&#8221; pricing_per=&#8221;\/MO&#8221; pricing_link=&#8221;\/de\/webshop\/&#8221; pricing_bt=&#8221;BESTELLEN SIE JETZT!&#8221; bt_color_price=&#8221;#b89f5c&#8221; table_color=&#8221;#000000&#8243; table_color_price=&#8221;#b89f5c&#8221; table_font=&#8221;#ffffff&#8221;]<\/p>\n<ul>\n<li>Laufstallhaltung<\/li>\n<li>Zugang zu Paddock und Weide<\/li>\n<li>monatliches Ausmisten<\/li>\n<li>t\u00e4gliches Einstreuen<\/li>\n<li>2-mal t\u00e4glich F\u00fctterung<\/li>\n<li>Heu und Kraftfutter<\/li>\n<li>Benutzung der Duschen<\/li>\n<\/ul>\n<p>[\/horseclub_pricing_table][\/vc_column][vc_column width=&#8221;1\/4&#8243; el_class=&#8221;no padding&#8221;][vc_empty_space height=&#8221;60&#8243;][horseclub_pricing_table pricing_title=&#8221;STANDARD BOX&#8221; pricing_val=&#8221;260&#8243; pricing_symbol=&#8221;\u20ac&#8221; pricing_per=&#8221;\/Monat&#8221; pricing_link=&#8221;\/de\/webshop\/&#8221; pricing_bt=&#8221;BESTELLEN SIE JETZT!&#8221; bt_color_price=&#8221;#000000&#8243; table_color=&#8221;#d1a734&#8243; table_color_price=&#8221;#000000&#8243; table_font=&#8221;#ffffff&#8221;]<\/p>\n<ul>\n<li>3,5 x 3,5 m Box mit Stroh<\/li>\n<li>t\u00e4gliches Ausmisten \u00b9<\/li>\n<li>t\u00e4gliches Einstreuen<\/li>\n<li>2mal t\u00e4glich F\u00fcttung<\/li>\n<li>Heu und Kraftfutter<\/li>\n<li>Benutzung der Duschen<\/li>\n<\/ul>\n<p>[\/horseclub_pricing_table][\/vc_column][vc_column width=&#8221;1\/4&#8243;][\/vc_column][\/vc_row][vc_row][vc_column][vc_empty_space height=&#8221;64px&#8221;][\/vc_column][\/vc_row][vc_row css=&#8221;.vc_custom_1457711776827{padding-top: 20px !important;padding-bottom: 35px !important;background-color: #d1a734 !important;}&#8221;][vc_column][vc_empty_space height=&#8221;50px&#8221;][vc_column_text]<\/p>\n<h2 style=\"text-align: center;\"><span style=\"color: #ffffff;\">F\u00dcR DIE BOXENPREISE NACH DEM 2. LEBENSJAHR DES FOHLENS BEZIEHEN SIE SICH BITTE AUF DIE REGUL\u00c4RE BOXENVERMIETUNG<\/span><\/h2>\n<p>[\/vc_column_text][vc_empty_space height=&#8221;50px&#8221;][vc_button align=&#8221;center&#8221; size=&#8221;btn-big&#8221; title=&#8221;ZU DER STANDARD BOXENVERMIETUNG&#8221; href=&#8221;\/de\/preise-boxenvermietung\/&#8221;][vc_empty_space height=&#8221;64px&#8221;][\/vc_column][\/vc_row][vc_row css=&#8221;.vc_custom_1458141370229{padding-top: 45px !important;padding-bottom: 40px !important;background-color: #f5f5f5 !important;}&#8221;][vc_column][vc_column_text css=&#8221;.vc_custom_1470342184191{padding-bottom: 10px !important;}&#8221;]<\/p>\n<h2 style=\"text-align: center;\">NEHMEN SIE KONTAKT MIT UNS AUF<\/h2>\n<p>[\/vc_column_text][vc_text_separator title=&#8221;MEESCHHAFF&#8221; color=&#8221;black&#8221; style=&#8221;double&#8221; el_width=&#8221;20&#8243;][vc_empty_space][contact-form-7 id=&#8221;6600&#8243;][\/vc_column][\/vc_row]<\/p>\n<\/div>","protected":false},"excerpt":{"rendered":"<p>[vc_row css=&#8221;.vc_custom_1448446635101{padding-top: 30px !important;padding-bottom: 45px !important;}&#8221;][vc_column][vc_empty_space][vc_column_text] BOXENVERMIETUNG F\u00dcR ZUCHT [\/vc_column_text][vc_text_separator title=&#8221;MEESCHHAFF&#8221; color=&#8221;black&#8221; style=&#8221;double&#8221; el_width=&#8221;50&#8243; css=&#8221;.vc_custom_1458234513950{padding-top: 10px !important;}&#8221;][vc_empty_space][vc_column_text css=&#8221;.vc_custom_1470611160581{padding-top: 20px !important;}&#8221;] Die Preise der Boxenvermietung f\u00fcr Zuchtzwecke sind preislich je nach Alter des Fohlens ausgerichtet. Die Preisgestaltung f\u00fcr die Mutterstute ist nicht mehr mitinbegriffen, sobald das Fohlen abgesetzt wird. Der Boxenpreis f\u00fcr die Stute beziehen Sie aus der Preisliste der regul\u00e4ren Boxenvermietung. [\/vc_column_text][vc_empty_space][\/vc_column][\/vc_row][vc_row css=&#8221;.vc_custom_1458139582548{background-color: #d1a734 !important;}&#8221;][vc_column][vc_column_text css_animation=&#8221;bottom-to-top&#8221; css=&#8221;.vc_custom_1470341406222{padding-top: 32px !important;}&#8221;] BOXENVERMIETUNG F\u00dcR MUTTERSTUTE UND FOHLEN BIS ZUR ABSETZUNG [\/vc_column_text][vc_empty_space height=&#8221;48px&#8221;][\/vc_column][\/vc_row][vc_row row_type=&#8221;full&#8221; css=&#8221;.vc_custom_1447165163711{background-color: #ffffff !important;}&#8221;][vc_column][vc_separator sepopt=&#8221;shape&#8221; sepshape=&#8221;triangle&#8221; shapecolb=&#8221;#e0e0e0&#8243; shapecol=&#8221;#d1a734&#8243;][\/vc_column][\/vc_row][vc_row css=&#8221;.vc_custom_1458137464891{background-color: #e0e0e0 !important;}&#8221;][vc_column width=&#8221;1\/3&#8243;][\/vc_column][vc_column width=&#8221;1\/3&#8243; el_class=&#8221;no padding&#8221;][vc_empty_space height=&#8221;40&#8243;][horseclub_pricing_table pricing_title=&#8221;STANDARD BOX&#8221; pricing_val=&#8221;300&#8243; pricing_symbol=&#8221;\u20ac&#8221; pricing_per=&#8221;\/Monat&#8221; &hellip; <a href=\"https:\/\/meeschhaff.com\/de\/preise-boxenvermietung-fur-zucht\/\">Continued<\/a><\/p>\n","protected":false},"author":1,"featured_media":0,"parent":0,"menu_order":0,"comment_status":"open","ping_status":"open","template":"page-fullwidth.php","meta":{"footnotes":""},"class_list":["post-6569","page","type-page","status-publish","hentry"],"_links":{"self":[{"href":"https:\/\/meeschhaff.com\/de\/wp-json\/wp\/v2\/pages\/6569","targetHints":{"allow":["GET"]}}],"collection":[{"href":"https:\/\/meeschhaff.com\/de\/wp-json\/wp\/v2\/pages"}],"about":[{"href":"https:\/\/meeschhaff.com\/de\/wp-json\/wp\/v2\/types\/page"}],"author":[{"embeddable":true,"href":"https:\/\/meeschhaff.com\/de\/wp-json\/wp\/v2\/users\/1"}],"replies":[{"embeddable":true,"href":"https:\/\/meeschhaff.com\/de\/wp-json\/wp\/v2\/comments?post=6569"}],"version-history":[{"count":3,"href":"https:\/\/meeschhaff.com\/de\/wp-json\/wp\/v2\/pages\/6569\/revisions"}],"predecessor-version":[{"id":6699,"href":"https:\/\/meeschhaff.com\/de\/wp-json\/wp\/v2\/pages\/6569\/revisions\/6699"}],"wp:attachment":[{"href":"https:\/\/meeschhaff.com\/de\/wp-json\/wp\/v2\/media?parent=6569"}],"curies":[{"name":"wp","href":"https:\/\/api.w.org\/{rel}","templated":true}]}}