{"id":6570,"date":"2016-03-15T14:38:14","date_gmt":"2016-03-15T13:38:14","guid":{"rendered":"http:\/\/meeschhaff.com\/de\/pricing-of-training-and-schooling\/"},"modified":"2018-06-16T01:15:58","modified_gmt":"2018-06-15T23:15:58","slug":"preise-training-und-unterricht","status":"publish","type":"page","link":"https:\/\/meeschhaff.com\/de\/preise-training-und-unterricht\/","title":{"rendered":"Preise Training und Unterricht"},"content":{"rendered":"<div class=\"wpb-content-wrapper\"><p>[vc_row css=&#8221;.vc_custom_1448446635101{padding-top: 30px !important;padding-bottom: 45px !important;}&#8221;][vc_column][vc_empty_space][vc_column_text]<\/p>\n<h2 style=\"text-align: center;\"><span style=\"color: #b89f5c;\">TRAINING UND UNTERRICHT<\/span><\/h2>\n<p>[\/vc_column_text][vc_text_separator title=&#8221;MEESCHHAFF&#8221; color=&#8221;black&#8221; style=&#8221;double&#8221; el_width=&#8221;40&#8243; css=&#8221;.vc_custom_1458048815029{padding-top: 10px !important;}&#8221;][vc_empty_space][vc_column_text css=&#8221;.vc_custom_1470343068964{padding-top: 20px !important;padding-right: 10% !important;padding-left: 10% !important;}&#8221;]<\/p>\n<p style=\"text-align: center;\">Das Unterrichtsprogramm des Meeschhaff setzt \u00a0auf Freundschaft, Spa\u00df und Gemeinschaft, um den Reitern Sicherheit, Veranwortung, Respekt und Leidenschaft f\u00fcr die Pferde zu vermitteln.<\/p>\n<p style=\"text-align: center;\">Gesundheit, Fitness und Balance der Pferde und Reiter sind ebenfalls zentrale Elemente. Wir bieten Reitstunden f\u00fcr nahezu jedes Alter und Erfahrungsgrad an, vom g\u00e4nzlich unerfahrenen Neuling bis hin zu dem ambitionierten Reiter, der seine reiterlichen F\u00e4higkeiten weiterentwickeln will.<\/p>\n<p>[\/vc_column_text][vc_empty_space][vc_button color=&#8221;up_btn-d&#8221; align=&#8221;center&#8221; title=&#8221;LESEN SIE MEHR&#8221; href=&#8221;\/de\/training-und-unterricht\/&#8221;][vc_empty_space][\/vc_column][\/vc_row][vc_row row_type=&#8221;parallax&#8221; koko=&#8221;550&#8243; p_bg_image=&#8221;6646&#8243;][vc_column width=&#8221;1\/3&#8243; el_class=&#8221;no padding&#8221;][vc_empty_space height=&#8221;60&#8243;][horseclub_pricing_table pricing_title=&#8221;LONGEN EINHEIT&#8221; pricing_val=&#8221;30&#8243; pricing_symbol=&#8221;\u20ac&#8221; pricing_per=&#8221;\/30 min&#8221; pricing_link=&#8221;\/de\/webshop\/&#8221; pricing_bt=&#8221;BESTELLEN SIE JETZT!&#8221; bt_color_price=&#8221;#b89f5c&#8221; table_color=&#8221;#000000&#8243; table_color_price=&#8221;#b89f5c&#8221; table_font=&#8221;#ffffff&#8221;]<\/p>\n<ul>\n<li>1\/2 Stunde<\/li>\n<li>f\u00fcr 1 Person<\/li>\n<\/ul>\n<p>[\/horseclub_pricing_table][\/vc_column][vc_column width=&#8221;1\/3&#8243; el_class=&#8221;no padding&#8221;][vc_empty_space height=&#8221;80&#8243;][horseclub_pricing_table pricing_title=&#8221;GRUPPENSTUNDE&#8221; pricing_val=&#8221;25&#8243; pricing_symbol=&#8221;\u20ac&#8221; pricing_per=&#8221;\/HR&#8221; pricing_link=&#8221;\/de\/webshop\/&#8221; pricing_bt=&#8221;BESTELLEN SIE JETZT!&#8221; bt_color_price=&#8221;#000000&#8243; table_color_price=&#8221;#f2f1f1&#8243; table_font=&#8221;#000000&#8243; table_color=&#8221;#ffffff&#8221;]<\/p>\n<ul>\n<li>1 Stunde<\/li>\n<li><\/li>\n<\/ul>\n<p>&nbsp;[\/horseclub_pricing_table][\/vc_column][vc_column width=&#8221;1\/3&#8243; el_class=&#8221;no padding&#8221;][vc_empty_space height=&#8221;60&#8243;][horseclub_pricing_table pricing_title=&#8221;EINZELUNTERRICHT&#8221; pricing_val=&#8221;30&#8243; pricing_symbol=&#8221;\u20ac&#8221; pricing_per=&#8221;\/30 min&#8221; pricing_link=&#8221;\/de\/webshop\/&#8221; pricing_bt=&#8221;BESTELLEN SIE JETZT!&#8221; table_color=&#8221;#d1a734&#8243; table_color_price=&#8221;#000000&#8243; bt_color_price=&#8221;#000000&#8243; table_font=&#8221;#ffffff&#8221;]<\/p>\n<ul>\n<li>45 Minuten.<\/li>\n<li>f\u00fcr 1 Person.<\/li>\n<li>Bitte treten Sie mit uns in Kontakt um ihre pers\u00f6nlichen Bed\u00fcrfnisse zu kl\u00e4ren.<\/li>\n<\/ul>\n<p>[\/horseclub_pricing_table][\/vc_column][\/vc_row][vc_row css=&#8221;.vc_custom_1447149676004{padding-top: 45px !important;padding-bottom: 40px !important;background-color: #f2f2f2 !important;}&#8221;][vc_column][vc_column_text css=&#8221;.vc_custom_1470343350173{padding-bottom: 10px !important;}&#8221;]<\/p>\n<h2 style=\"text-align: center;\">NEHMEN SIE KONTAKT MIT UNS AUF<\/h2>\n<p>[\/vc_column_text][vc_text_separator title=&#8221;MEESCHHAFF&#8221; color=&#8221;black&#8221; style=&#8221;double&#8221; el_width=&#8221;20&#8243;][vc_empty_space][contact-form-7 id=&#8221;6600&#8243;][\/vc_column][\/vc_row]<\/p>\n<\/div>","protected":false},"excerpt":{"rendered":"<p>[vc_row css=&#8221;.vc_custom_1448446635101{padding-top: 30px !important;padding-bottom: 45px !important;}&#8221;][vc_column][vc_empty_space][vc_column_text] TRAINING UND UNTERRICHT [\/vc_column_text][vc_text_separator title=&#8221;MEESCHHAFF&#8221; color=&#8221;black&#8221; style=&#8221;double&#8221; el_width=&#8221;40&#8243; css=&#8221;.vc_custom_1458048815029{padding-top: 10px !important;}&#8221;][vc_empty_space][vc_column_text css=&#8221;.vc_custom_1470343068964{padding-top: 20px !important;padding-right: 10% !important;padding-left: 10% !important;}&#8221;] Das Unterrichtsprogramm des Meeschhaff setzt \u00a0auf Freundschaft, Spa\u00df und Gemeinschaft, um den Reitern Sicherheit, Veranwortung, Respekt und Leidenschaft f\u00fcr die Pferde zu vermitteln. Gesundheit, Fitness und Balance der Pferde und Reiter sind ebenfalls zentrale Elemente. Wir bieten Reitstunden f\u00fcr nahezu jedes Alter und Erfahrungsgrad an, vom g\u00e4nzlich unerfahrenen Neuling bis hin zu dem ambitionierten Reiter, der seine reiterlichen F\u00e4higkeiten weiterentwickeln will. [\/vc_column_text][vc_empty_space][vc_button color=&#8221;up_btn-d&#8221; align=&#8221;center&#8221; title=&#8221;LESEN SIE MEHR&#8221; href=&#8221;\/de\/training-und-unterricht\/&#8221;][vc_empty_space][\/vc_column][\/vc_row][vc_row row_type=&#8221;parallax&#8221; koko=&#8221;550&#8243; p_bg_image=&#8221;6646&#8243;][vc_column width=&#8221;1\/3&#8243; el_class=&#8221;no padding&#8221;][vc_empty_space height=&#8221;60&#8243;][horseclub_pricing_table pricing_title=&#8221;LONGEN &hellip; <a href=\"https:\/\/meeschhaff.com\/de\/preise-training-und-unterricht\/\">Continued<\/a><\/p>\n","protected":false},"author":1,"featured_media":0,"parent":0,"menu_order":0,"comment_status":"open","ping_status":"open","template":"page-fullwidth.php","meta":{"footnotes":""},"class_list":["post-6570","page","type-page","status-publish","hentry"],"_links":{"self":[{"href":"https:\/\/meeschhaff.com\/de\/wp-json\/wp\/v2\/pages\/6570","targetHints":{"allow":["GET"]}}],"collection":[{"href":"https:\/\/meeschhaff.com\/de\/wp-json\/wp\/v2\/pages"}],"about":[{"href":"https:\/\/meeschhaff.com\/de\/wp-json\/wp\/v2\/types\/page"}],"author":[{"embeddable":true,"href":"https:\/\/meeschhaff.com\/de\/wp-json\/wp\/v2\/users\/1"}],"replies":[{"embeddable":true,"href":"https:\/\/meeschhaff.com\/de\/wp-json\/wp\/v2\/comments?post=6570"}],"version-history":[{"count":3,"href":"https:\/\/meeschhaff.com\/de\/wp-json\/wp\/v2\/pages\/6570\/revisions"}],"predecessor-version":[{"id":6792,"href":"https:\/\/meeschhaff.com\/de\/wp-json\/wp\/v2\/pages\/6570\/revisions\/6792"}],"wp:attachment":[{"href":"https:\/\/meeschhaff.com\/de\/wp-json\/wp\/v2\/media?parent=6570"}],"curies":[{"name":"wp","href":"https:\/\/api.w.org\/{rel}","templated":true}]}}