{"id":6572,"date":"2016-03-11T19:37:26","date_gmt":"2016-03-11T18:37:26","guid":{"rendered":"http:\/\/meeschhaff.com\/de\/training\/"},"modified":"2018-06-16T01:15:08","modified_gmt":"2018-06-15T23:15:08","slug":"training-und-unterricht","status":"publish","type":"page","link":"https:\/\/meeschhaff.com\/de\/training-und-unterricht\/","title":{"rendered":"Training und Unterricht"},"content":{"rendered":"<div class=\"wpb-content-wrapper\"><p>[vc_row css=&#8221;.vc_custom_1457721936086{padding-top: 40px !important;padding-bottom: 40px !important;background-color: #b89f5c !important;}&#8221;][vc_column][horseclub_icon_single iconsmalls=&#8221;small&#8221; icon_texts=&#8221;fa-graduation-cap&#8221; singleicon_link=&#8221;#&#8221; iconcolors_bg=&#8221;#ffffff&#8221; iconcolors=&#8221;#b89f5c&#8221;][vc_column_text css=&#8221;.vc_custom_1470346501005{padding-bottom: 10px !important;}&#8221;]<\/p>\n<h2 style=\"text-align: center;\"><span style=\"color: #ffffff;\">TRAINING UND UNTERRICHT<\/span><\/h2>\n<p>[\/vc_column_text][vc_text_separator title=&#8221;MEESCHHAFF&#8221; color=&#8221;white&#8221; style=&#8221;double&#8221; el_width=&#8221;40&#8243;][\/vc_column][\/vc_row][vc_row css=&#8221;.vc_custom_1457721945759{padding-bottom: 45px !important;background-color: #b89f5c !important;}&#8221;][vc_column][vc_column_text css=&#8221;.vc_custom_1476689072377{padding-top: 20px !important;padding-right: 10% !important;padding-left: 10% !important;}&#8221;]<\/p>\n<h4 style=\"text-align: center;\"><span style=\"color: #ffffff;\">Das Unterrichtsprogramm des Meeschhaff setzt auf Freundschaft, Spa\u00df und Gemeinschaft, um den Reitern Sicherheit, Veranwortung, Respekt und Leidenschaft f\u00fcr die Pferde zu vermitteln. Gesundheit, Fitness und Balance der Pferde und Reiter sind ebenfalls zentrale Elemente.<\/span><\/h4>\n<p>&nbsp;<\/p>\n<h4 style=\"text-align: center;\"><span style=\"color: #ffffff;\">Wir bieten Reitstunden f\u00fcr nahezu jedes Alter und Erfahrungsgrad an, vom g\u00e4nzlich unerfahrenen Neuling bis hin zu dem ambitionierten Reiter, der seine reiterlichen F\u00e4higkeiten weiterentwickeln will.<\/span><\/h4>\n<p>[\/vc_column_text][vc_empty_space][\/vc_column][\/vc_row][vc_row css=&#8221;.vc_custom_1458038838076{background-color: #f5f5f5 !important;}&#8221;][vc_column][vc_empty_space][\/vc_column][\/vc_row][vc_row css=&#8221;.vc_custom_1458038848967{background-color: #f5f5f5 !important;}&#8221;][vc_column width=&#8221;1\/2&#8243;][vc_empty_space height=&#8221;64px&#8221;][vc_column_text]<\/p>\n<h2>Reitunterricht auf dem Meeschhaff<\/h2>\n<p>Der Meeschhaff bietet Training und Unterricht f\u00fcr Erwachsene und Kinder jeden Alters an. Reiten besteht nicht nur aus k\u00f6rperlicher Bet\u00e4tigung, sondern f\u00f6rdert auch die wohltuende Beziehung zu den noblen und intuitiven Tieren.<\/p>\n<p>Unsere Angebote k\u00f6nnen auf Sie individuell zugeschnitten werden. Wir k\u00f6nnen Ihren Bed\u00fcrfnissen und Zielsetzungen entgegen kommen, und Ihre individuellen W\u00fcnsche ber\u00fccksichtigen.[\/vc_column_text][vc_empty_space][vc_button color=&#8221;up_btn-d&#8221; title=&#8221;NEHMEN SIE HEUTE KONTAKT MIT UNS AUF&#8221; href=&#8221;\/de\/kontakt\/&#8221;][\/vc_column][vc_column width=&#8221;1\/2&#8243;][vc_empty_space height=&#8221;64px&#8221;][vc_single_image image=&#8221;6661&#8243; img_size=&#8221;large&#8221; alignment=&#8221;center&#8221; style=&#8221;vc_box_shadow_circle_2&#8243;][\/vc_column][\/vc_row][vc_row css=&#8221;.vc_custom_1458038866370{background-color: #f5f5f5 !important;}&#8221;][vc_column][vc_empty_space height=&#8221;50px&#8221;][\/vc_column][\/vc_row][vc_row row_type=&#8221;parallax&#8221; koko=&#8221;550&#8243; p_bg_image=&#8221;4294&#8243;][vc_column width=&#8221;1\/3&#8243; el_class=&#8221;no padding&#8221;][vc_empty_space height=&#8221;60&#8243;][horseclub_pricing_table pricing_title=&#8221;LONGEN EINHEIT&#8221; pricing_val=&#8221;30&#8243; pricing_symbol=&#8221;\u20ac&#8221; pricing_per=&#8221;\/30 min&#8221; pricing_link=&#8221;#&#8221; pricing_bt=&#8221;BESTELLEN SIE JETZT!&#8221; bt_color_price=&#8221;#b89f5c&#8221; table_color=&#8221;#000000&#8243; table_color_price=&#8221;#b89f5c&#8221; table_font=&#8221;#ffffff&#8221;]<\/p>\n<ul>\n<li>1\/2 Stunde<\/li>\n<li>f\u00fcr 1 Person<\/li>\n<\/ul>\n<p>[\/horseclub_pricing_table][\/vc_column][vc_column width=&#8221;1\/3&#8243; el_class=&#8221;no padding&#8221;][vc_empty_space height=&#8221;80&#8243;][horseclub_pricing_table pricing_title=&#8221;GRUPPENSTUNDE&#8221; pricing_val=&#8221;25&#8243; pricing_symbol=&#8221;\u20ac&#8221; pricing_per=&#8221;\/STD&#8221; pricing_link=&#8221;#&#8221; pricing_bt=&#8221;BESTELLEN SIE JETZT!&#8221; bt_color_price=&#8221;#000000&#8243; table_color_price=&#8221;#f2f1f1&#8243; table_font=&#8221;#000000&#8243; table_color=&#8221;#ffffff&#8221;]<\/p>\n<ul>\n<li>1 Stunde<\/li>\n<li><\/li>\n<\/ul>\n<p>&nbsp;[\/horseclub_pricing_table][\/vc_column][vc_column width=&#8221;1\/3&#8243; el_class=&#8221;no padding&#8221;][vc_empty_space height=&#8221;60&#8243;][horseclub_pricing_table pricing_title=&#8221;EINZELUNTERRICHT&#8221; pricing_val=&#8221;30&#8243; pricing_symbol=&#8221;\u20ac&#8221; pricing_per=&#8221;\/30 min&#8221; pricing_link=&#8221;#&#8221; pricing_bt=&#8221;BESTELLEN SIE JETZT!&#8221; table_color=&#8221;#d1a734&#8243; table_color_price=&#8221;#000000&#8243; bt_color_price=&#8221;#000000&#8243; table_font=&#8221;#ffffff&#8221;]<\/p>\n<ul>\n<li>45 Minuten<\/li>\n<li>f\u00fcr 1 Person<\/li>\n<li>Bitte treten Sie mit uns in Kontakt um ihre pers\u00f6nlichen Bed\u00fcrfnisse zu kl\u00e4ren.<\/li>\n<\/ul>\n<p>[\/horseclub_pricing_table][\/vc_column][\/vc_row][vc_row css=&#8221;.vc_custom_1457711776827{padding-top: 20px !important;padding-bottom: 35px !important;background-color: #d1a734 !important;}&#8221;][vc_column][vc_empty_space height=&#8221;50px&#8221;][vc_column_text]<\/p>\n<h2 style=\"text-align: center;\"><span style=\"color: #ffffff;\">SIND SIE AUF DER SUCHE NACH EINEM DAUERHAFTEN ZUHAUSE F\u00dcR IHREN BESTEN FREUND?<\/span><\/h2>\n<p>[\/vc_column_text][vc_empty_space height=&#8221;50px&#8221;][vc_button align=&#8221;center&#8221; size=&#8221;btn-big&#8221; title=&#8221;SEHEN SIE SICH UNSERE DIENSTLEISTUNGEN AN&#8221; href=&#8221;\/de\/boxenvermietung\/&#8221;][vc_empty_space height=&#8221;64px&#8221;][\/vc_column][\/vc_row][vc_row css=&#8221;.vc_custom_1448446635101{padding-top: 30px !important;padding-bottom: 45px !important;}&#8221;][vc_column][vc_column_text]<\/p>\n<h1 style=\"text-align: center;\"><span style=\"color: #b89f5c;\">TRAININGSM\u00d6GLICHKEITEN<\/span><\/h1>\n<p>[\/vc_column_text][vc_text_separator title=&#8221;MEESCHHAFF&#8221; color=&#8221;black&#8221; style=&#8221;double&#8221; el_width=&#8221;40&#8243; css=&#8221;.vc_custom_1457457884163{padding-top: 10px !important;}&#8221;][vc_empty_space height=&#8221;50px&#8221;][\/vc_column][\/vc_row][vc_row row_type=&#8221;full&#8221;][vc_column width=&#8221;1\/4&#8243;][vc_single_image image=&#8221;5880&#8243; img_size=&#8221;400&#215;400&#8243; alignment=&#8221;center&#8221; onclick=&#8221;img_link_large&#8221;][vc_column_text css=&#8221;.vc_custom_1470347311367{padding-top: 20px !important;padding-bottom: 15px !important;}&#8221;]<\/p>\n<h4 style=\"text-align: center;\">Au\u00dfenreitplatz<\/h4>\n<p>[\/vc_column_text][vc_column_text css=&#8221;.vc_custom_1470347330464{padding-right: 10% !important;padding-bottom: 20px !important;padding-left: 10% !important;}&#8221;]<\/p>\n<p style=\"text-align: center;\">Unser gro\u00dfer Au\u00dfenreitplatz ist von einer wundersch\u00f6nen Landschaft umgeben.<\/p>\n<p>[\/vc_column_text][\/vc_column][vc_column width=&#8221;1\/4&#8243;][vc_single_image image=&#8221;5872&#8243; img_size=&#8221;400&#215;400&#8243; alignment=&#8221;center&#8221; onclick=&#8221;img_link_large&#8221;][vc_column_text css=&#8221;.vc_custom_1470347344706{padding-top: 20px !important;padding-bottom: 15px !important;}&#8221;]<\/p>\n<h4 style=\"text-align: center;\">\u00dcberdachte F\u00fchranlage<\/h4>\n<p>[\/vc_column_text][vc_column_text css=&#8221;.vc_custom_1470347359850{padding-right: 10% !important;padding-bottom: 20px !important;padding-left: 10% !important;}&#8221;]<\/p>\n<p style=\"text-align: center;\">Die neue, \u00fcberdachte, ovale F\u00fchranlage hat Platz f\u00fcr 8 Pferde gleichzeitig.<\/p>\n<p>[\/vc_column_text][\/vc_column][vc_column width=&#8221;1\/4&#8243;][vc_single_image image=&#8221;5854&#8243; img_size=&#8221;400&#215;400&#8243; alignment=&#8221;center&#8221; onclick=&#8221;img_link_large&#8221;][vc_column_text css=&#8221;.vc_custom_1470347375374{padding-top: 20px !important;padding-bottom: 15px !important;}&#8221;]<\/p>\n<h4 style=\"text-align: center;\">Gro\u00dfe Reithalle<\/h4>\n<p>[\/vc_column_text][vc_column_text css=&#8221;.vc_custom_1470347390522{padding-right: 10% !important;padding-bottom: 20px !important;padding-left: 10% !important;}&#8221;]<\/p>\n<p style=\"text-align: center;\">Auf dem Meeschhaff gibt es eine neue, gro\u00dfe Reithalle mit einem Reitboden von bester Qualit\u00e4t.<\/p>\n<p>[\/vc_column_text][\/vc_column][vc_column width=&#8221;1\/4&#8243;][vc_single_image image=&#8221;5878&#8243; img_size=&#8221;400&#215;400&#8243; alignment=&#8221;center&#8221; onclick=&#8221;img_link_large&#8221;][vc_column_text css=&#8221;.vc_custom_1470347403351{padding-top: 20px !important;padding-bottom: 15px !important;}&#8221;]<\/p>\n<h4 style=\"text-align: center;\">Kleine Reithalle<\/h4>\n<p>[\/vc_column_text][vc_column_text css=&#8221;.vc_custom_1470347417695{padding-right: 10% !important;padding-bottom: 20px !important;padding-left: 10% !important;}&#8221;]<\/p>\n<p style=\"text-align: center;\">Wir haben auch eine zweite, kleinere Reithalle, gut beleuchtet und bel\u00fcftet.<\/p>\n<p>[\/vc_column_text][\/vc_column][\/vc_row][vc_row row_type=&#8221;full&#8221;][vc_column][vc_empty_space height=&#8221;64px&#8221;][\/vc_column][\/vc_row][vc_row css=&#8221;.vc_custom_1457709439825{padding-top: 20px !important;padding-bottom: 35px !important;background-color: #6ea9bb !important;}&#8221;][vc_column][vc_empty_space height=&#8221;50px&#8221;][vc_column_text]<\/p>\n<h2 style=\"text-align: center;\"><span style=\"color: #ffffff;\">W\u00dcNSCHEN SIE SICH MEHR F\u00dcR IHR PFERD?<\/span><\/h2>\n<p>[\/vc_column_text][vc_empty_space height=&#8221;50px&#8221;][vc_button color=&#8221;up_btn-d&#8221; align=&#8221;center&#8221; size=&#8221;btn-big&#8221; title=&#8221;SEHEN SIE SICH UNSER AQUA-THERAPIE UND WELLNESS CENTER AN&#8221; href=&#8221;\/de\/spa\/&#8221;][vc_empty_space height=&#8221;64px&#8221;][\/vc_column][\/vc_row][vc_row css=&#8221;.vc_custom_1447926728383{background-color: #222222 !important;}&#8221;][vc_column][vc_column_text css_animation=&#8221;bottom-to-top&#8221; css=&#8221;.vc_custom_1470347471594{padding-top: 20px !important;}&#8221;]<\/p>\n<h3 style=\"text-align: center;\"><span style=\"color: #b89f5c;\">LERNEN SIE UNSERE PFERDE KENNEN<\/span><\/h3>\n<p>[\/vc_column_text][vc_empty_space height=&#8221;35px&#8221;][\/vc_column][\/vc_row][vc_row row_type=&#8221;full&#8221;][vc_column][horseclub_slider_portofoliio psbtn=&#8221;sno&#8221;][\/vc_column][\/vc_row]<\/p>\n<\/div>","protected":false},"excerpt":{"rendered":"<p>[vc_row css=&#8221;.vc_custom_1457721936086{padding-top: 40px !important;padding-bottom: 40px !important;background-color: #b89f5c !important;}&#8221;][vc_column][horseclub_icon_single iconsmalls=&#8221;small&#8221; icon_texts=&#8221;fa-graduation-cap&#8221; singleicon_link=&#8221;#&#8221; iconcolors_bg=&#8221;#ffffff&#8221; iconcolors=&#8221;#b89f5c&#8221;][vc_column_text css=&#8221;.vc_custom_1470346501005{padding-bottom: 10px !important;}&#8221;] TRAINING UND UNTERRICHT [\/vc_column_text][vc_text_separator title=&#8221;MEESCHHAFF&#8221; color=&#8221;white&#8221; style=&#8221;double&#8221; el_width=&#8221;40&#8243;][\/vc_column][\/vc_row][vc_row css=&#8221;.vc_custom_1457721945759{padding-bottom: 45px !important;background-color: #b89f5c !important;}&#8221;][vc_column][vc_column_text css=&#8221;.vc_custom_1476689072377{padding-top: 20px !important;padding-right: 10% !important;padding-left: 10% !important;}&#8221;] Das Unterrichtsprogramm des Meeschhaff setzt auf Freundschaft, Spa\u00df und Gemeinschaft, um den Reitern Sicherheit, Veranwortung, Respekt und Leidenschaft f\u00fcr die Pferde zu vermitteln. Gesundheit, Fitness und Balance der Pferde und Reiter sind ebenfalls zentrale Elemente. &nbsp; Wir bieten Reitstunden f\u00fcr nahezu jedes Alter und Erfahrungsgrad an, vom g\u00e4nzlich unerfahrenen Neuling bis hin zu dem ambitionierten Reiter, der seine reiterlichen F\u00e4higkeiten weiterentwickeln will. [\/vc_column_text][vc_empty_space][\/vc_column][\/vc_row][vc_row css=&#8221;.vc_custom_1458038838076{background-color: &hellip; <a href=\"https:\/\/meeschhaff.com\/de\/training-und-unterricht\/\">Continued<\/a><\/p>\n","protected":false},"author":1,"featured_media":0,"parent":0,"menu_order":0,"comment_status":"open","ping_status":"closed","template":"page-fullwidth.php","meta":{"footnotes":""},"class_list":["post-6572","page","type-page","status-publish","hentry"],"_links":{"self":[{"href":"https:\/\/meeschhaff.com\/de\/wp-json\/wp\/v2\/pages\/6572","targetHints":{"allow":["GET"]}}],"collection":[{"href":"https:\/\/meeschhaff.com\/de\/wp-json\/wp\/v2\/pages"}],"about":[{"href":"https:\/\/meeschhaff.com\/de\/wp-json\/wp\/v2\/types\/page"}],"author":[{"embeddable":true,"href":"https:\/\/meeschhaff.com\/de\/wp-json\/wp\/v2\/users\/1"}],"replies":[{"embeddable":true,"href":"https:\/\/meeschhaff.com\/de\/wp-json\/wp\/v2\/comments?post=6572"}],"version-history":[{"count":3,"href":"https:\/\/meeschhaff.com\/de\/wp-json\/wp\/v2\/pages\/6572\/revisions"}],"predecessor-version":[{"id":6791,"href":"https:\/\/meeschhaff.com\/de\/wp-json\/wp\/v2\/pages\/6572\/revisions\/6791"}],"wp:attachment":[{"href":"https:\/\/meeschhaff.com\/de\/wp-json\/wp\/v2\/media?parent=6572"}],"curies":[{"name":"wp","href":"https:\/\/api.w.org\/{rel}","templated":true}]}}